{"id":1014,"date":"2022-06-24T12:25:36","date_gmt":"2022-06-24T10:25:36","guid":{"rendered":"https:\/\/wordpress.reseau-greta-cfa-pdl.fr\/?page_id=1014"},"modified":"2025-11-19T13:52:10","modified_gmt":"2025-11-19T12:52:10","slug":"positionnement-reglementaire","status":"publish","type":"page","link":"https:\/\/wordpress.reseau-greta-cfa-pdl.fr\/?page_id=1014","title":{"rendered":"Positionnement r\u00e9glementaire"},"content":{"rendered":"\t\t<div data-elementor-type=\"wp-page\" data-elementor-id=\"1014\" class=\"elementor elementor-1014\">\n\t\t\t\t\t\t<section class=\"elementor-section elementor-top-section elementor-element elementor-element-7eaa9d5 elementor-section-stretched elementor-section-boxed elementor-section-height-default elementor-section-height-default wpr-particle-no wpr-jarallax-no wpr-parallax-no wpr-sticky-section-no\" data-id=\"7eaa9d5\" data-element_type=\"section\" data-e-type=\"section\" data-settings=\"{&quot;stretch_section&quot;:&quot;section-stretched&quot;,&quot;background_background&quot;:&quot;classic&quot;}\">\n\t\t\t\t\t\t<div class=\"elementor-container elementor-column-gap-default\">\n\t\t\t\t\t<div class=\"elementor-column elementor-col-100 elementor-top-column elementor-element elementor-element-ba659b9\" data-id=\"ba659b9\" data-element_type=\"column\" data-e-type=\"column\" data-settings=\"{&quot;background_background&quot;:&quot;classic&quot;}\">\n\t\t\t<div class=\"elementor-widget-wrap elementor-element-populated\">\n\t\t\t\t\t\t<div class=\"elementor-element elementor-element-c30e072 elementor-widget elementor-widget-video\" data-id=\"c30e072\" data-element_type=\"widget\" data-e-type=\"widget\" data-settings=\"{&quot;youtube_url&quot;:&quot;https:\\\/\\\/www.youtube.com\\\/watch?v=0xJv_DB3qDs&quot;,&quot;video_type&quot;:&quot;youtube&quot;,&quot;controls&quot;:&quot;yes&quot;}\" data-widget_type=\"video.default\">\n\t\t\t\t<div class=\"elementor-widget-container\">\n\t\t\t\t\t\t\t<div class=\"elementor-wrapper elementor-open-inline\">\n\t\t\t<div class=\"elementor-video\"><\/div>\t\t<\/div>\n\t\t\t\t\t\t<\/div>\n\t\t\t\t<\/div>\n\t\t\t\t<div class=\"elementor-element elementor-element-7792bf3 elementor-widget elementor-widget-spacer\" data-id=\"7792bf3\" data-element_type=\"widget\" data-e-type=\"widget\" data-widget_type=\"spacer.default\">\n\t\t\t\t<div class=\"elementor-widget-container\">\n\t\t\t\t\t\t\t<div class=\"elementor-spacer\">\n\t\t\t<div class=\"elementor-spacer-inner\"><\/div>\n\t\t<\/div>\n\t\t\t\t\t\t<\/div>\n\t\t\t\t<\/div>\n\t\t\t\t<div class=\"elementor-element elementor-element-20acb28 elementor-drop-cap-yes elementor-drop-cap-view-default elementor-widget elementor-widget-text-editor\" data-id=\"20acb28\" data-element_type=\"widget\" data-e-type=\"widget\" data-settings=\"{&quot;drop_cap&quot;:&quot;yes&quot;}\" data-widget_type=\"text-editor.default\">\n\t\t\t\t<div class=\"elementor-widget-container\">\n\t\t\t\t\t\t\t\t\t<p>Le positionnement r\u00e9glementaire est une proc\u00e9dure qui prend en compte les acquis du candidat pour une demande de r\u00e9duction de PFMP. C&rsquo;est un acte p\u00e9dagogique qui participe \u00e0 l&rsquo;individualisation des parcours de formation.<\/p>\n<p>Tous les positionnements r\u00e9glementaires sont \u00e0 effectuer <strong>dans les 15 jours qui suivent l&rsquo;entr\u00e9e en formation <\/strong>des candidats.<\/p>\n<p>Deux types de document \u00e0 utiliser selon le profil du stagiaire :<\/p>\n<p><\/p>\t\t\t\t\t\t\t\t<\/div>\n\t\t\t\t<\/div>\n\t\t\t\t<div class=\"elementor-element elementor-element-c7952ce elementor-widget elementor-widget-spacer\" data-id=\"c7952ce\" data-element_type=\"widget\" data-e-type=\"widget\" data-widget_type=\"spacer.default\">\n\t\t\t\t<div class=\"elementor-widget-container\">\n\t\t\t\t\t\t\t<div class=\"elementor-spacer\">\n\t\t\t<div class=\"elementor-spacer-inner\"><\/div>\n\t\t<\/div>\n\t\t\t\t\t\t<\/div>\n\t\t\t\t<\/div>\n\t\t\t\t<div class=\"elementor-element elementor-element-9f3a3cd elementor-widget elementor-widget-text-editor\" data-id=\"9f3a3cd\" data-element_type=\"widget\" data-e-type=\"widget\" data-widget_type=\"text-editor.default\">\n\t\t\t\t<div class=\"elementor-widget-container\">\n\t\t\t\t\t\t\t\t\t<p><span style=\"font-weight: bold;\">1. Le positionnement r\u00e9glementaire \u00ab\u00a0groupe\u00a0\u00bb li\u00e9 \u00e0 l&rsquo;appel d&rsquo;offre \u00ab\u00a0Visa M\u00e9tiers\u00a0\u00bb (niveaux 3 et 4)\u00a0<\/span>[version Oct. 2025]<\/p>\t\t\t\t\t\t\t\t<\/div>\n\t\t\t\t<\/div>\n\t\t\t\t<div class=\"elementor-element elementor-element-c36e4d4 elementor-widget elementor-widget-text-editor\" data-id=\"c36e4d4\" data-element_type=\"widget\" data-e-type=\"widget\" data-widget_type=\"text-editor.default\">\n\t\t\t\t<div class=\"elementor-widget-container\">\n\t\t\t\t\t\t\t\t\t<p>Ce tableau simplifie la proc\u00e9dure classique. Ce document doit \u00eatre transmis <strong>dans sa version \u00ab\u00a0Word\u00a0\u00bb<\/strong>, par courriel \u00e0 la DRAFPIC-FC aupr\u00e8s de Danielle Peschard (<a class=\"page_lien\" href=\"mailto:sophie.burgain@ac-nantes.fr\">danielle.peschard@ac-nantes.fr<\/a>) ou Guyl\u00e8ne Trojan (<a class=\"page_lien\" href=\"mailto:guylene.trojan@ac-nantes.fr\">guylene.trojan@ac-nantes.fr<\/a>).<\/p><p>L&rsquo;inspecteur instruit le dossier au nom du Recteur et donne un avis p\u00e9dagogique.<\/p>\t\t\t\t\t\t\t\t<\/div>\n\t\t\t\t<\/div>\n\t\t\t\t<div class=\"elementor-element elementor-element-c79f1eb elementor-widget elementor-widget-spacer\" data-id=\"c79f1eb\" data-element_type=\"widget\" data-e-type=\"widget\" data-widget_type=\"spacer.default\">\n\t\t\t\t<div class=\"elementor-widget-container\">\n\t\t\t\t\t\t\t<div class=\"elementor-spacer\">\n\t\t\t<div class=\"elementor-spacer-inner\"><\/div>\n\t\t<\/div>\n\t\t\t\t\t\t<\/div>\n\t\t\t\t<\/div>\n\t\t\t\t<div class=\"elementor-element elementor-element-6063781 elementor-align-right elementor-widget elementor-widget-button\" data-id=\"6063781\" data-element_type=\"widget\" data-e-type=\"widget\" data-widget_type=\"button.default\">\n\t\t\t\t<div class=\"elementor-widget-container\">\n\t\t\t\t\t\t\t\t\t<div class=\"elementor-button-wrapper\">\n\t\t\t\t\t<a class=\"elementor-button elementor-button-link elementor-size-sm\" href=\"https:\/\/wordpress.reseau-greta-cfa-pdl.fr\/wp-content\/uploads\/2025\/10\/Certif-EN_Posit_Doc-type_Tab-dde-positionnement_Version-oct-2025.docx\" target=\"_blank\">\n\t\t\t\t\t\t<span class=\"elementor-button-content-wrapper\">\n\t\t\t\t\t\t<span class=\"elementor-button-icon\">\n\t\t\t\t<i aria-hidden=\"true\" class=\"far fa-arrow-alt-circle-down\"><\/i>\t\t\t<\/span>\n\t\t\t\t\t\t\t\t\t<span class=\"elementor-button-text\">Cliquez ici pour t\u00e9l\u00e9charger le tableau<\/span>\n\t\t\t\t\t<\/span>\n\t\t\t\t\t<\/a>\n\t\t\t\t<\/div>\n\t\t\t\t\t\t\t\t<\/div>\n\t\t\t\t<\/div>\n\t\t\t\t<div class=\"elementor-element elementor-element-1829ee8 elementor-widget elementor-widget-spacer\" data-id=\"1829ee8\" data-element_type=\"widget\" data-e-type=\"widget\" data-widget_type=\"spacer.default\">\n\t\t\t\t<div class=\"elementor-widget-container\">\n\t\t\t\t\t\t\t<div class=\"elementor-spacer\">\n\t\t\t<div class=\"elementor-spacer-inner\"><\/div>\n\t\t<\/div>\n\t\t\t\t\t\t<\/div>\n\t\t\t\t<\/div>\n\t\t\t\t<div class=\"elementor-element elementor-element-ab354b3 elementor-widget elementor-widget-text-editor\" data-id=\"ab354b3\" data-element_type=\"widget\" data-e-type=\"widget\" data-widget_type=\"text-editor.default\">\n\t\t\t\t<div class=\"elementor-widget-container\">\n\t\t\t\t\t\t\t\t\t<p>Voir un exemple d&rsquo;un tableau renseign\u00e9 permettant de mieux appr\u00e9hender les attendus de cet acte administratif :\u00a0<\/p>\t\t\t\t\t\t\t\t<\/div>\n\t\t\t\t<\/div>\n\t\t\t\t<div class=\"elementor-element elementor-element-42974ae elementor-widget elementor-widget-spacer\" data-id=\"42974ae\" data-element_type=\"widget\" data-e-type=\"widget\" data-widget_type=\"spacer.default\">\n\t\t\t\t<div class=\"elementor-widget-container\">\n\t\t\t\t\t\t\t<div class=\"elementor-spacer\">\n\t\t\t<div class=\"elementor-spacer-inner\"><\/div>\n\t\t<\/div>\n\t\t\t\t\t\t<\/div>\n\t\t\t\t<\/div>\n\t\t\t\t<div class=\"elementor-element elementor-element-457f515 elementor-align-right elementor-widget elementor-widget-button\" data-id=\"457f515\" data-element_type=\"widget\" data-e-type=\"widget\" data-widget_type=\"button.default\">\n\t\t\t\t<div class=\"elementor-widget-container\">\n\t\t\t\t\t\t\t\t\t<div class=\"elementor-button-wrapper\">\n\t\t\t\t\t<a class=\"elementor-button elementor-button-link elementor-size-sm\" href=\"https:\/\/wordpress.reseau-greta-cfa-pdl.fr\/wp-content\/uploads\/2025\/11\/Cert-EN_Posit_exemple-CAP-MIT_Oct-2025.pdf\" target=\"_blank\">\n\t\t\t\t\t\t<span class=\"elementor-button-content-wrapper\">\n\t\t\t\t\t\t<span class=\"elementor-button-icon\">\n\t\t\t\t<i aria-hidden=\"true\" class=\"far fa-arrow-alt-circle-down\"><\/i>\t\t\t<\/span>\n\t\t\t\t\t\t\t\t\t<span class=\"elementor-button-text\">Cliquez ici pour voir un exemple<\/span>\n\t\t\t\t\t<\/span>\n\t\t\t\t\t<\/a>\n\t\t\t\t<\/div>\n\t\t\t\t\t\t\t\t<\/div>\n\t\t\t\t<\/div>\n\t\t\t\t<div class=\"elementor-element elementor-element-286e12a elementor-widget elementor-widget-spacer\" data-id=\"286e12a\" data-element_type=\"widget\" data-e-type=\"widget\" data-widget_type=\"spacer.default\">\n\t\t\t\t<div class=\"elementor-widget-container\">\n\t\t\t\t\t\t\t<div class=\"elementor-spacer\">\n\t\t\t<div class=\"elementor-spacer-inner\"><\/div>\n\t\t<\/div>\n\t\t\t\t\t\t<\/div>\n\t\t\t\t<\/div>\n\t\t\t\t<div class=\"elementor-element elementor-element-7760441 elementor-widget elementor-widget-text-editor\" data-id=\"7760441\" data-element_type=\"widget\" data-e-type=\"widget\" data-widget_type=\"text-editor.default\">\n\t\t\t\t<div class=\"elementor-widget-container\">\n\t\t\t\t\t\t\t\t\t<p><strong>2. Le positionnement r\u00e9glementaire \u00ab\u00a0individuel\u00a0\u00bb <\/strong>(tout candidat hors visa m\u00e9tiers) [version 2025]<\/p>\t\t\t\t\t\t\t\t<\/div>\n\t\t\t\t<\/div>\n\t\t\t\t<div class=\"elementor-element elementor-element-9537474 elementor-widget elementor-widget-text-editor\" data-id=\"9537474\" data-element_type=\"widget\" data-e-type=\"widget\" data-widget_type=\"text-editor.default\">\n\t\t\t\t<div class=\"elementor-widget-container\">\n\t\t\t\t\t\t\t\t\t<p>Le dossier doit \u00eatre transmis au <strong>Rectorat de Nantes, secr\u00e9tariat des IEN EG ET <\/strong>(<a href=\"mailto:rectorat-positionnement@ac-nantes.fr\">rectorat-positionnement@ac-nantes.fr<\/a>). <span style=\"font-size: inherit; text-align: inherit;\">Ce dernier v\u00e9rifie l&rsquo;aspect administratif, requiert l&rsquo;avis de l&rsquo;inspecteur de la fili\u00e8re concern\u00e9e et propose une attestation de<\/span><span style=\"font-size: inherit; text-align: inherit;\"> positionnement \u00e0 la signature du Recteur.<\/span><\/p><p>La d\u00e9cision de positionnement est prise par le Recteur au plus tard \u00e0 la fin du mois qui suit l\u2019admission du candidat dans l\u2019\u00e9tablissement de formation.<\/p>\t\t\t\t\t\t\t\t<\/div>\n\t\t\t\t<\/div>\n\t\t\t\t<div class=\"elementor-element elementor-element-6e12fff elementor-widget elementor-widget-spacer\" data-id=\"6e12fff\" data-element_type=\"widget\" data-e-type=\"widget\" data-widget_type=\"spacer.default\">\n\t\t\t\t<div class=\"elementor-widget-container\">\n\t\t\t\t\t\t\t<div class=\"elementor-spacer\">\n\t\t\t<div class=\"elementor-spacer-inner\"><\/div>\n\t\t<\/div>\n\t\t\t\t\t\t<\/div>\n\t\t\t\t<\/div>\n\t\t\t\t<div class=\"elementor-element elementor-element-1e752b0 elementor-align-right elementor-widget elementor-widget-button\" data-id=\"1e752b0\" data-element_type=\"widget\" data-e-type=\"widget\" data-widget_type=\"button.default\">\n\t\t\t\t<div class=\"elementor-widget-container\">\n\t\t\t\t\t\t\t\t\t<div class=\"elementor-button-wrapper\">\n\t\t\t\t\t<a class=\"elementor-button elementor-button-link elementor-size-sm\" href=\"https:\/\/www.ac-nantes.fr\/positionnement-122104#:~:text=La%20demande%20de%20positionnement%2C%20en,%40ac%2Dnantes.fr.\" target=\"_blank\">\n\t\t\t\t\t\t<span class=\"elementor-button-content-wrapper\">\n\t\t\t\t\t\t<span class=\"elementor-button-icon\">\n\t\t\t\t<i aria-hidden=\"true\" class=\"far fa-hand-point-right\"><\/i>\t\t\t<\/span>\n\t\t\t\t\t\t\t\t\t<span class=\"elementor-button-text\">Cliquez ici pour acc\u00e9der au site du Rectorat de Nantes<\/span>\n\t\t\t\t\t<\/span>\n\t\t\t\t\t<\/a>\n\t\t\t\t<\/div>\n\t\t\t\t\t\t\t\t<\/div>\n\t\t\t\t<\/div>\n\t\t\t\t<div class=\"elementor-element elementor-element-9110eb6 elementor-align-right elementor-widget elementor-widget-button\" data-id=\"9110eb6\" data-element_type=\"widget\" data-e-type=\"widget\" data-widget_type=\"button.default\">\n\t\t\t\t<div class=\"elementor-widget-container\">\n\t\t\t\t\t\t\t\t\t<div class=\"elementor-button-wrapper\">\n\t\t\t\t\t<a class=\"elementor-button elementor-button-link elementor-size-sm\" href=\"https:\/\/wordpress.reseau-greta-cfa-pdl.fr\/wp-content\/uploads\/2025\/11\/demande-de-positionnement-formation-continue-2025.doc\" target=\"_blank\">\n\t\t\t\t\t\t<span class=\"elementor-button-content-wrapper\">\n\t\t\t\t\t\t<span class=\"elementor-button-icon\">\n\t\t\t\t<i aria-hidden=\"true\" class=\"far fa-arrow-alt-circle-down\"><\/i>\t\t\t<\/span>\n\t\t\t\t\t\t\t\t\t<span class=\"elementor-button-text\">Cliquez ici pour t\u00e9l\u00e9charger le dossier<\/span>\n\t\t\t\t\t<\/span>\n\t\t\t\t\t<\/a>\n\t\t\t\t<\/div>\n\t\t\t\t\t\t\t\t<\/div>\n\t\t\t\t<\/div>\n\t\t\t\t\t<\/div>\n\t\t<\/div>\n\t\t\t\t\t<\/div>\n\t\t<\/section>\n\t\t\t\t<\/div>\n\t\t","protected":false},"excerpt":{"rendered":"<p>Le positionnement r\u00e9glementaire est une proc\u00e9dure qui prend en compte les acquis du candidat pour une demande de r\u00e9duction de PFMP. C&rsquo;est un acte p\u00e9dagogique qui participe \u00e0 l&rsquo;individualisation des parcours de formation. Tous les positionnements r\u00e9glementaires sont \u00e0 effectuer dans les 15 jours qui suivent l&rsquo;entr\u00e9e en formation des candidats. Deux types de document \u00e0 utiliser selon le profil du stagiaire : 1. Le positionnement r\u00e9glementaire \u00ab\u00a0groupe\u00a0\u00bb li\u00e9 \u00e0 l&rsquo;appel d&rsquo;offre \u00ab\u00a0Visa M\u00e9tiers\u00a0\u00bb (niveaux 3 et 4)\u00a0[version Oct. 2025] Ce tableau simplifie la proc\u00e9dure classique. Ce document doit \u00eatre transmis dans sa version \u00ab\u00a0Word\u00a0\u00bb, par courriel \u00e0 la DRAFPIC-FC aupr\u00e8s de Danielle Peschard (danielle.peschard@ac-nantes.fr) ou Guyl\u00e8ne Trojan (guylene.trojan@ac-nantes.fr). L&rsquo;inspecteur instruit le dossier au nom du Recteur et donne un avis p\u00e9dagogique. Cliquez ici pour t\u00e9l\u00e9charger le tableau Voir un exemple d&rsquo;un tableau renseign\u00e9 permettant de mieux appr\u00e9hender les attendus de cet acte administratif :\u00a0 Cliquez ici pour voir un exemple 2. Le positionnement r\u00e9glementaire \u00ab\u00a0individuel\u00a0\u00bb (tout candidat hors visa m\u00e9tiers) [version 2025] Le dossier doit \u00eatre transmis au Rectorat de Nantes, secr\u00e9tariat des IEN EG ET (rectorat-positionnement@ac-nantes.fr). Ce dernier v\u00e9rifie l&rsquo;aspect administratif, requiert l&rsquo;avis de l&rsquo;inspecteur de la fili\u00e8re concern\u00e9e et propose une attestation de positionnement \u00e0 la signature du Recteur. La d\u00e9cision de positionnement est prise par le Recteur au plus tard \u00e0 la fin du mois qui suit l\u2019admission du candidat dans l\u2019\u00e9tablissement de formation. Cliquez ici pour acc\u00e9der au site du Rectorat de Nantes Cliquez ici pour t\u00e9l\u00e9charger le dossier<\/p>\n","protected":false},"author":3,"featured_media":0,"parent":0,"menu_order":0,"comment_status":"closed","ping_status":"closed","template":"elementor_theme","meta":{"footnotes":""},"class_list":["post-1014","page","type-page","status-publish","hentry"],"_links":{"self":[{"href":"https:\/\/wordpress.reseau-greta-cfa-pdl.fr\/index.php?rest_route=\/wp\/v2\/pages\/1014","targetHints":{"allow":["GET"]}}],"collection":[{"href":"https:\/\/wordpress.reseau-greta-cfa-pdl.fr\/index.php?rest_route=\/wp\/v2\/pages"}],"about":[{"href":"https:\/\/wordpress.reseau-greta-cfa-pdl.fr\/index.php?rest_route=\/wp\/v2\/types\/page"}],"author":[{"embeddable":true,"href":"https:\/\/wordpress.reseau-greta-cfa-pdl.fr\/index.php?rest_route=\/wp\/v2\/users\/3"}],"replies":[{"embeddable":true,"href":"https:\/\/wordpress.reseau-greta-cfa-pdl.fr\/index.php?rest_route=%2Fwp%2Fv2%2Fcomments&post=1014"}],"version-history":[{"count":203,"href":"https:\/\/wordpress.reseau-greta-cfa-pdl.fr\/index.php?rest_route=\/wp\/v2\/pages\/1014\/revisions"}],"predecessor-version":[{"id":8383,"href":"https:\/\/wordpress.reseau-greta-cfa-pdl.fr\/index.php?rest_route=\/wp\/v2\/pages\/1014\/revisions\/8383"}],"wp:attachment":[{"href":"https:\/\/wordpress.reseau-greta-cfa-pdl.fr\/index.php?rest_route=%2Fwp%2Fv2%2Fmedia&parent=1014"}],"curies":[{"name":"wp","href":"https:\/\/api.w.org\/{rel}","templated":true}]}}