{"id":1277,"date":"2022-06-27T10:17:44","date_gmt":"2022-06-27T08:17:44","guid":{"rendered":"https:\/\/wordpress.reseau-greta-cfa-pdl.fr\/?page_id=1277"},"modified":"2025-10-09T09:40:50","modified_gmt":"2025-10-09T07:40:50","slug":"pfmp","status":"publish","type":"page","link":"https:\/\/wordpress.reseau-greta-cfa-pdl.fr\/?page_id=1277","title":{"rendered":"PFMP"},"content":{"rendered":"\t\t<div data-elementor-type=\"wp-page\" data-elementor-id=\"1277\" class=\"elementor elementor-1277\">\n\t\t\t\t\t\t<section class=\"elementor-section elementor-top-section elementor-element elementor-element-3d4c53c elementor-section-stretched elementor-section-boxed elementor-section-height-default elementor-section-height-default wpr-particle-no wpr-jarallax-no wpr-parallax-no wpr-sticky-section-no\" data-id=\"3d4c53c\" data-element_type=\"section\" data-e-type=\"section\" data-settings=\"{&quot;stretch_section&quot;:&quot;section-stretched&quot;,&quot;background_background&quot;:&quot;classic&quot;}\">\n\t\t\t\t\t\t<div class=\"elementor-container elementor-column-gap-wider\">\n\t\t\t\t\t<div class=\"elementor-column elementor-col-100 elementor-top-column elementor-element elementor-element-cb072be\" data-id=\"cb072be\" data-element_type=\"column\" data-e-type=\"column\">\n\t\t\t<div class=\"elementor-widget-wrap elementor-element-populated\">\n\t\t\t\t\t\t<div class=\"elementor-element elementor-element-6c54773 elementor-drop-cap-yes elementor-drop-cap-view-default elementor-widget elementor-widget-text-editor\" data-id=\"6c54773\" data-element_type=\"widget\" data-e-type=\"widget\" data-settings=\"{&quot;drop_cap&quot;:&quot;yes&quot;}\" data-widget_type=\"text-editor.default\">\n\t\t\t\t<div class=\"elementor-widget-container\">\n\t\t\t\t\t\t\t\t\t<p>Tous les dipl\u00f4mes professionnels comportent des p\u00e9riodes obligatoires de formation en milieu professionnel (PFMP) dont la dur\u00e9e varie en fonction du dipl\u00f4me ou de la sp\u00e9cialit\u00e9 pr\u00e9par\u00e9e.<\/p>\t\t\t\t\t\t\t\t<\/div>\n\t\t\t\t<\/div>\n\t\t\t\t<div class=\"elementor-element elementor-element-dbf294e elementor-widget elementor-widget-spacer\" data-id=\"dbf294e\" data-element_type=\"widget\" data-e-type=\"widget\" data-widget_type=\"spacer.default\">\n\t\t\t\t<div class=\"elementor-widget-container\">\n\t\t\t\t\t\t\t<div class=\"elementor-spacer\">\n\t\t\t<div class=\"elementor-spacer-inner\"><\/div>\n\t\t<\/div>\n\t\t\t\t\t\t<\/div>\n\t\t\t\t<\/div>\n\t\t\t\t<div class=\"elementor-element elementor-element-062479a elementor-widget elementor-widget-text-editor\" data-id=\"062479a\" data-element_type=\"widget\" data-e-type=\"widget\" data-widget_type=\"text-editor.default\">\n\t\t\t\t<div class=\"elementor-widget-container\">\n\t\t\t\t\t\t\t\t\t<p><span style=\"text-align: inherit;\"><b>Proc\u00e9dure en cas de PFMP manquantes \u00e0 l\u2019issue de la formation<\/b><\/span><\/p>\t\t\t\t\t\t\t\t<\/div>\n\t\t\t\t<\/div>\n\t\t\t\t<div class=\"elementor-element elementor-element-4228cee elementor-widget elementor-widget-spacer\" data-id=\"4228cee\" data-element_type=\"widget\" data-e-type=\"widget\" data-widget_type=\"spacer.default\">\n\t\t\t\t<div class=\"elementor-widget-container\">\n\t\t\t\t\t\t\t<div class=\"elementor-spacer\">\n\t\t\t<div class=\"elementor-spacer-inner\"><\/div>\n\t\t<\/div>\n\t\t\t\t\t\t<\/div>\n\t\t\t\t<\/div>\n\t\t\t\t<div class=\"elementor-element elementor-element-dca2e60 elementor-widget elementor-widget-text-editor\" data-id=\"dca2e60\" data-element_type=\"widget\" data-e-type=\"widget\" data-widget_type=\"text-editor.default\">\n\t\t\t\t<div class=\"elementor-widget-container\">\n\t\t\t\t\t\t\t\t\t<p><strong>Les absences doivent toujours \u00eatre justifi\u00e9es.<\/strong><\/p><p>\u00a0<\/p>\t\t\t\t\t\t\t\t<\/div>\n\t\t\t\t<\/div>\n\t\t\t\t<div class=\"elementor-element elementor-element-d933ddd elementor-widget elementor-widget-text-editor\" data-id=\"d933ddd\" data-element_type=\"widget\" data-e-type=\"widget\" data-widget_type=\"text-editor.default\">\n\t\t\t\t<div class=\"elementor-widget-container\">\n\t\t\t\t\t\t\t\t\t<ul><li><strong>Sessions de juin<\/strong><\/li><\/ul>\t\t\t\t\t\t\t\t<\/div>\n\t\t\t\t<\/div>\n\t\t\t\t<div class=\"elementor-element elementor-element-ba07dde elementor-widget elementor-widget-text-editor\" data-id=\"ba07dde\" data-element_type=\"widget\" data-e-type=\"widget\" data-widget_type=\"text-editor.default\">\n\t\t\t\t<div class=\"elementor-widget-container\">\n\t\t\t\t\t\t\t\t\t<p>Chaque ann\u00e9e, fin avril &#8211; d\u00e9but mai, la DEC adresse, \u00e0 tous les \u00e9tablissements, un courriel avec le lien d&rsquo;un applicatif permettant de recenser les PFMP non r\u00e9alis\u00e9es.<\/p><p>Le retour de ce recensement est attendu aux alentours du 20 mai.<\/p>\t\t\t\t\t\t\t\t<\/div>\n\t\t\t\t<\/div>\n\t\t\t\t<div class=\"elementor-element elementor-element-11459a9 elementor-widget elementor-widget-text-editor\" data-id=\"11459a9\" data-element_type=\"widget\" data-e-type=\"widget\" data-widget_type=\"text-editor.default\">\n\t\t\t\t<div class=\"elementor-widget-container\">\n\t\t\t\t\t\t\t\t\t<p><strong>Apr\u00e8s \u00e9tude des signalements et avis de l&rsquo;inspection p\u00e9dagogique<\/strong>, une d\u00e9cision est prise au niveau rectoral pour chaque candidat et un courrier lui est adress\u00e9 sous couvert de l&rsquo;\u00e9tablissement dans le courant du mois de juin.<\/p>\t\t\t\t\t\t\t\t<\/div>\n\t\t\t\t<\/div>\n\t\t\t\t<div class=\"elementor-element elementor-element-5f41648 elementor-widget elementor-widget-spacer\" data-id=\"5f41648\" data-element_type=\"widget\" data-e-type=\"widget\" data-widget_type=\"spacer.default\">\n\t\t\t\t<div class=\"elementor-widget-container\">\n\t\t\t\t\t\t\t<div class=\"elementor-spacer\">\n\t\t\t<div class=\"elementor-spacer-inner\"><\/div>\n\t\t<\/div>\n\t\t\t\t\t\t<\/div>\n\t\t\t\t<\/div>\n\t\t\t\t<section class=\"elementor-section elementor-inner-section elementor-element elementor-element-2fc9612 elementor-section-boxed elementor-section-height-default elementor-section-height-default wpr-particle-no wpr-jarallax-no wpr-parallax-no wpr-sticky-section-no\" data-id=\"2fc9612\" data-element_type=\"section\" data-e-type=\"section\">\n\t\t\t\t\t\t<div class=\"elementor-container elementor-column-gap-default\">\n\t\t\t\t\t<div class=\"elementor-column elementor-col-50 elementor-inner-column elementor-element elementor-element-29a3f7e\" data-id=\"29a3f7e\" data-element_type=\"column\" data-e-type=\"column\">\n\t\t\t<div class=\"elementor-widget-wrap elementor-element-populated\">\n\t\t\t\t\t\t<div class=\"elementor-element elementor-element-cc9af2f elementor-widget elementor-widget-text-editor\" data-id=\"cc9af2f\" data-element_type=\"widget\" data-e-type=\"widget\" data-widget_type=\"text-editor.default\">\n\t\t\t\t<div class=\"elementor-widget-container\">\n\t\t\t\t\t\t\t\t\t<p>Lien vers la <strong>plateforme de recensement des PFMP non r\u00e9alis\u00e9es :<\/strong><\/p>\t\t\t\t\t\t\t\t<\/div>\n\t\t\t\t<\/div>\n\t\t\t\t\t<\/div>\n\t\t<\/div>\n\t\t\t\t<div class=\"elementor-column elementor-col-50 elementor-inner-column elementor-element elementor-element-7a87322\" data-id=\"7a87322\" data-element_type=\"column\" data-e-type=\"column\">\n\t\t\t<div class=\"elementor-widget-wrap elementor-element-populated\">\n\t\t\t\t\t\t<div class=\"elementor-element elementor-element-35495b9 elementor-align-justify elementor-widget__width-initial elementor-widget elementor-widget-button\" data-id=\"35495b9\" data-element_type=\"widget\" data-e-type=\"widget\" data-widget_type=\"button.default\">\n\t\t\t\t<div class=\"elementor-widget-container\">\n\t\t\t\t\t\t\t\t\t<div class=\"elementor-button-wrapper\">\n\t\t\t\t\t<a class=\"elementor-button elementor-button-link elementor-size-sm\" href=\"https:\/\/websecure.ac-nantes.fr\/pfmp\/etablissement\" target=\"_blank\">\n\t\t\t\t\t\t<span class=\"elementor-button-content-wrapper\">\n\t\t\t\t\t\t<span class=\"elementor-button-icon\">\n\t\t\t\t<i aria-hidden=\"true\" class=\"far fa-hand-point-right\"><\/i>\t\t\t<\/span>\n\t\t\t\t\t\t\t\t\t<span class=\"elementor-button-text\">Cliquez ici pour acc\u00e9der \u00e0 la plateforme<\/span>\n\t\t\t\t\t<\/span>\n\t\t\t\t\t<\/a>\n\t\t\t\t<\/div>\n\t\t\t\t\t\t\t\t<\/div>\n\t\t\t\t<\/div>\n\t\t\t\t\t<\/div>\n\t\t<\/div>\n\t\t\t\t\t<\/div>\n\t\t<\/section>\n\t\t\t\t<div class=\"elementor-element elementor-element-1f27e41 elementor-widget elementor-widget-spacer\" data-id=\"1f27e41\" data-element_type=\"widget\" data-e-type=\"widget\" data-widget_type=\"spacer.default\">\n\t\t\t\t<div class=\"elementor-widget-container\">\n\t\t\t\t\t\t\t<div class=\"elementor-spacer\">\n\t\t\t<div class=\"elementor-spacer-inner\"><\/div>\n\t\t<\/div>\n\t\t\t\t\t\t<\/div>\n\t\t\t\t<\/div>\n\t\t\t\t<div class=\"elementor-element elementor-element-be2286b elementor-widget elementor-widget-text-editor\" data-id=\"be2286b\" data-element_type=\"widget\" data-e-type=\"widget\" data-widget_type=\"text-editor.default\">\n\t\t\t\t<div class=\"elementor-widget-container\">\n\t\t\t\t\t\t\t\t\t<p><em>En cas de mot de passe oubli\u00e9, envoyer un mail \u00e0 <a href=\"mailto:dec.ci@ac-nantes.fr\">dec.ci@ac-nantes.fr<\/a> en pr\u00e9cisant votre num\u00e9ro UAI et votre num\u00e9ro de t\u00e9l\u00e9phone).<\/em><\/p>\t\t\t\t\t\t\t\t<\/div>\n\t\t\t\t<\/div>\n\t\t\t\t<div class=\"elementor-element elementor-element-3b5a95a elementor-widget elementor-widget-spacer\" data-id=\"3b5a95a\" data-element_type=\"widget\" data-e-type=\"widget\" data-widget_type=\"spacer.default\">\n\t\t\t\t<div class=\"elementor-widget-container\">\n\t\t\t\t\t\t\t<div class=\"elementor-spacer\">\n\t\t\t<div class=\"elementor-spacer-inner\"><\/div>\n\t\t<\/div>\n\t\t\t\t\t\t<\/div>\n\t\t\t\t<\/div>\n\t\t\t\t<div class=\"elementor-element elementor-element-2c9ff8a elementor-widget elementor-widget-text-editor\" data-id=\"2c9ff8a\" data-element_type=\"widget\" data-e-type=\"widget\" data-widget_type=\"text-editor.default\">\n\t\t\t\t<div class=\"elementor-widget-container\">\n\t\t\t\t\t\t\t\t\t<p><b>REMARQUE<\/b><\/p><p>Les apprentis ne sont pas concern\u00e9s par ce recensement.<\/p><p>\u00a0<\/p><p>Seules les situations des candidats de <strong>Bac Pro et\u00a0 de CAP<\/strong>, inf\u00e9rieures \u00e0 la dur\u00e9e minimale de PFMP<b><u> requise<\/u>,<\/b> doivent \u00eatre recens\u00e9es via l&rsquo;application.<\/p><p>\u00a0<\/p><p>Les situations relatives aux candidats inscrits en <strong>Mention compl\u00e9mentaire de niveau 3 ou 4<\/strong> devront, elles, faire l&rsquo;objet d&rsquo;un recensement <strong>par courriel.<\/strong><\/p>\t\t\t\t\t\t\t\t<\/div>\n\t\t\t\t<\/div>\n\t\t\t\t<div class=\"elementor-element elementor-element-9e9545a elementor-widget elementor-widget-spacer\" data-id=\"9e9545a\" data-element_type=\"widget\" data-e-type=\"widget\" data-widget_type=\"spacer.default\">\n\t\t\t\t<div class=\"elementor-widget-container\">\n\t\t\t\t\t\t\t<div class=\"elementor-spacer\">\n\t\t\t<div class=\"elementor-spacer-inner\"><\/div>\n\t\t<\/div>\n\t\t\t\t\t\t<\/div>\n\t\t\t\t<\/div>\n\t\t\t\t<div class=\"elementor-element elementor-element-b0e03ce elementor-widget elementor-widget-text-editor\" data-id=\"b0e03ce\" data-element_type=\"widget\" data-e-type=\"widget\" data-widget_type=\"text-editor.default\">\n\t\t\t\t<div class=\"elementor-widget-container\">\n\t\t\t\t\t\t\t\t\t<ul><li><strong>Sessions de mars-avril et novembre-d\u00e9cembre<\/strong><\/li><\/ul>\t\t\t\t\t\t\t\t<\/div>\n\t\t\t\t<\/div>\n\t\t\t\t<section class=\"elementor-section elementor-inner-section elementor-element elementor-element-204c16e elementor-section-boxed elementor-section-height-default elementor-section-height-default wpr-particle-no wpr-jarallax-no wpr-parallax-no wpr-sticky-section-no\" data-id=\"204c16e\" data-element_type=\"section\" data-e-type=\"section\">\n\t\t\t\t\t\t<div class=\"elementor-container elementor-column-gap-default\">\n\t\t\t\t\t<div class=\"elementor-column elementor-col-50 elementor-inner-column elementor-element elementor-element-65e98fa\" data-id=\"65e98fa\" data-element_type=\"column\" data-e-type=\"column\">\n\t\t\t<div class=\"elementor-widget-wrap elementor-element-populated\">\n\t\t\t\t\t\t<div class=\"elementor-element elementor-element-e9f7bff elementor-widget elementor-widget-text-editor\" data-id=\"e9f7bff\" data-element_type=\"widget\" data-e-type=\"widget\" data-widget_type=\"text-editor.default\">\n\t\t\t\t<div class=\"elementor-widget-container\">\n\t\t\t\t\t\t\t\t\t<p><b>Une fiche de signalement des PFMP non-r\u00e9alis\u00e9es<\/b> est \u00e0 renseigner le plus t\u00f4t possible.<\/p>\t\t\t\t\t\t\t\t<\/div>\n\t\t\t\t<\/div>\n\t\t\t\t\t<\/div>\n\t\t<\/div>\n\t\t\t\t<div class=\"elementor-column elementor-col-50 elementor-inner-column elementor-element elementor-element-4aa5a47\" data-id=\"4aa5a47\" data-element_type=\"column\" data-e-type=\"column\">\n\t\t\t<div class=\"elementor-widget-wrap elementor-element-populated\">\n\t\t\t\t\t\t<div class=\"elementor-element elementor-element-589386a elementor-align-justify elementor-widget elementor-widget-button\" data-id=\"589386a\" data-element_type=\"widget\" data-e-type=\"widget\" data-widget_type=\"button.default\">\n\t\t\t\t<div class=\"elementor-widget-container\">\n\t\t\t\t\t\t\t\t\t<div class=\"elementor-button-wrapper\">\n\t\t\t\t\t<a class=\"elementor-button elementor-button-link elementor-size-sm\" href=\"https:\/\/wordpress.reseau-greta-cfa-pdl.fr\/wp-content\/uploads\/2025\/10\/Certif-EN_PFMP_DAVA_FICHE_Signalement_2023-2.doc\" target=\"_blank\">\n\t\t\t\t\t\t<span class=\"elementor-button-content-wrapper\">\n\t\t\t\t\t\t<span class=\"elementor-button-icon\">\n\t\t\t\t<i aria-hidden=\"true\" class=\"far fa-arrow-alt-circle-down\"><\/i>\t\t\t<\/span>\n\t\t\t\t\t\t\t\t\t<span class=\"elementor-button-text\">Cliquez ici pour t\u00e9l\u00e9charger la fiche de signalement<\/span>\n\t\t\t\t\t<\/span>\n\t\t\t\t\t<\/a>\n\t\t\t\t<\/div>\n\t\t\t\t\t\t\t\t<\/div>\n\t\t\t\t<\/div>\n\t\t\t\t\t<\/div>\n\t\t<\/div>\n\t\t\t\t\t<\/div>\n\t\t<\/section>\n\t\t\t\t\t<\/div>\n\t\t<\/div>\n\t\t\t\t\t<\/div>\n\t\t<\/section>\n\t\t\t\t<\/div>\n\t\t","protected":false},"excerpt":{"rendered":"<p>Tous les dipl\u00f4mes professionnels comportent des p\u00e9riodes obligatoires de formation en milieu professionnel (PFMP) dont la dur\u00e9e varie en fonction du dipl\u00f4me ou de la sp\u00e9cialit\u00e9 pr\u00e9par\u00e9e. Proc\u00e9dure en cas de PFMP manquantes \u00e0 l\u2019issue de la formation Les absences doivent toujours \u00eatre justifi\u00e9es. \u00a0 Sessions de juin Chaque ann\u00e9e, fin avril &#8211; d\u00e9but mai, la DEC adresse, \u00e0 tous les \u00e9tablissements, un courriel avec le lien d&rsquo;un applicatif permettant de recenser les PFMP non r\u00e9alis\u00e9es. Le retour de ce recensement est attendu aux alentours du 20 mai. Apr\u00e8s \u00e9tude des signalements et avis de l&rsquo;inspection p\u00e9dagogique, une d\u00e9cision est prise au niveau rectoral pour chaque candidat et un courrier lui est adress\u00e9 sous couvert de l&rsquo;\u00e9tablissement dans le courant du mois de juin. Lien vers la plateforme de recensement des PFMP non r\u00e9alis\u00e9es : Cliquez ici pour acc\u00e9der \u00e0 la plateforme En cas de mot de passe oubli\u00e9, envoyer un mail \u00e0 dec.ci@ac-nantes.fr en pr\u00e9cisant votre num\u00e9ro UAI et votre num\u00e9ro de t\u00e9l\u00e9phone). REMARQUE Les apprentis ne sont pas concern\u00e9s par ce recensement. \u00a0 Seules les situations des candidats de Bac Pro et\u00a0 de CAP, inf\u00e9rieures \u00e0 la dur\u00e9e minimale de PFMP requise, doivent \u00eatre recens\u00e9es via l&rsquo;application. \u00a0 Les situations relatives aux candidats inscrits en Mention compl\u00e9mentaire de niveau 3 ou 4 devront, elles, faire l&rsquo;objet d&rsquo;un recensement par courriel. Sessions de mars-avril et novembre-d\u00e9cembre Une fiche de signalement des PFMP non-r\u00e9alis\u00e9es est \u00e0 renseigner le plus t\u00f4t possible. Cliquez ici pour t\u00e9l\u00e9charger la fiche de signalement<\/p>\n","protected":false},"author":3,"featured_media":0,"parent":0,"menu_order":0,"comment_status":"closed","ping_status":"closed","template":"","meta":{"footnotes":""},"class_list":["post-1277","page","type-page","status-publish","hentry"],"_links":{"self":[{"href":"https:\/\/wordpress.reseau-greta-cfa-pdl.fr\/index.php?rest_route=\/wp\/v2\/pages\/1277","targetHints":{"allow":["GET"]}}],"collection":[{"href":"https:\/\/wordpress.reseau-greta-cfa-pdl.fr\/index.php?rest_route=\/wp\/v2\/pages"}],"about":[{"href":"https:\/\/wordpress.reseau-greta-cfa-pdl.fr\/index.php?rest_route=\/wp\/v2\/types\/page"}],"author":[{"embeddable":true,"href":"https:\/\/wordpress.reseau-greta-cfa-pdl.fr\/index.php?rest_route=\/wp\/v2\/users\/3"}],"replies":[{"embeddable":true,"href":"https:\/\/wordpress.reseau-greta-cfa-pdl.fr\/index.php?rest_route=%2Fwp%2Fv2%2Fcomments&post=1277"}],"version-history":[{"count":148,"href":"https:\/\/wordpress.reseau-greta-cfa-pdl.fr\/index.php?rest_route=\/wp\/v2\/pages\/1277\/revisions"}],"predecessor-version":[{"id":8726,"href":"https:\/\/wordpress.reseau-greta-cfa-pdl.fr\/index.php?rest_route=\/wp\/v2\/pages\/1277\/revisions\/8726"}],"wp:attachment":[{"href":"https:\/\/wordpress.reseau-greta-cfa-pdl.fr\/index.php?rest_route=%2Fwp%2Fv2%2Fmedia&parent=1277"}],"curies":[{"name":"wp","href":"https:\/\/api.w.org\/{rel}","templated":true}]}}