{"id":2538,"date":"2023-03-28T14:04:40","date_gmt":"2023-03-28T12:04:40","guid":{"rendered":"https:\/\/wordpress.reseau-greta-cfa-pdl.fr\/?page_id=2538"},"modified":"2023-03-28T15:46:32","modified_gmt":"2023-03-28T13:46:32","slug":"clea","status":"publish","type":"page","link":"https:\/\/wordpress.reseau-greta-cfa-pdl.fr\/?page_id=2538","title":{"rendered":"Cl\u00e9A et Cl\u00e9A num\u00e9rique"},"content":{"rendered":"\n<div class=\"wp-block-columns alignwide is-layout-flex wp-container-core-columns-is-layout-9d6595d7 wp-block-columns-is-layout-flex\">\n<div class=\"wp-block-column is-layout-flow wp-block-column-is-layout-flow\" style=\"flex-basis:100%\"><div style='width: 100%;'><div style='position: relative; padding-bottom:56.25%; padding-top: 0; height: 0;'><iframe frameborder='0' width='1200' height='675' style='position:absolute; top: 0; left: 0; width: 100%; height: 100%;' src='https:\/\/view.genially.com\/6422a619e3d59f001188963d' type='text\/html' allowscriptaccess='always' allowfullscreen='true' scrolling='yes' allownetworking='all'><\/iframe><\/div><\/div>\n\n\n<div style=\"height:46px\" aria-hidden=\"true\" class=\"wp-block-spacer\"><\/div>\n\n\n\n<p><\/p>\n\n\n<div style='width: 100%;'><div style='position: relative; padding-bottom:56.25%; padding-top: 0; height: 0;'><iframe frameborder='0' width='1200' height='675' style='position:absolute; top: 0; left: 0; width: 100%; height: 100%;' src='https:\/\/view.genially.com\/6422d019d67f96001a4f5111' type='text\/html' allowscriptaccess='always' allowfullscreen='true' scrolling='yes' allownetworking='all'><\/iframe><\/div><\/div><\/div>\n<\/div>\n\n\n\n<figure class=\"wp-block-image size-full\"><a href=\"mailto:guyonne.pellan@ac-nantes.fr\"><img fetchpriority=\"high\" decoding=\"async\" width=\"934\" height=\"86\" src=\"https:\/\/wordpress.reseau-greta-cfa-pdl.fr\/wp-content\/uploads\/2023\/03\/Capture-decran-2023-03-28-a-15.43.50-1.png\" alt=\"\" class=\"wp-image-2581\" srcset=\"https:\/\/wordpress.reseau-greta-cfa-pdl.fr\/wp-content\/uploads\/2023\/03\/Capture-decran-2023-03-28-a-15.43.50-1.png 934w, https:\/\/wordpress.reseau-greta-cfa-pdl.fr\/wp-content\/uploads\/2023\/03\/Capture-decran-2023-03-28-a-15.43.50-1-300x28.png 300w, https:\/\/wordpress.reseau-greta-cfa-pdl.fr\/wp-content\/uploads\/2023\/03\/Capture-decran-2023-03-28-a-15.43.50-1-768x71.png 768w\" sizes=\"(max-width: 934px) 100vw, 934px\" \/><\/a><\/figure>\n","protected":false},"excerpt":{"rendered":"","protected":false},"author":3,"featured_media":0,"parent":0,"menu_order":0,"comment_status":"closed","ping_status":"closed","template":"","meta":{"footnotes":""},"class_list":["post-2538","page","type-page","status-publish","hentry"],"_links":{"self":[{"href":"https:\/\/wordpress.reseau-greta-cfa-pdl.fr\/index.php?rest_route=\/wp\/v2\/pages\/2538","targetHints":{"allow":["GET"]}}],"collection":[{"href":"https:\/\/wordpress.reseau-greta-cfa-pdl.fr\/index.php?rest_route=\/wp\/v2\/pages"}],"about":[{"href":"https:\/\/wordpress.reseau-greta-cfa-pdl.fr\/index.php?rest_route=\/wp\/v2\/types\/page"}],"author":[{"embeddable":true,"href":"https:\/\/wordpress.reseau-greta-cfa-pdl.fr\/index.php?rest_route=\/wp\/v2\/users\/3"}],"replies":[{"embeddable":true,"href":"https:\/\/wordpress.reseau-greta-cfa-pdl.fr\/index.php?rest_route=%2Fwp%2Fv2%2Fcomments&post=2538"}],"version-history":[{"count":6,"href":"https:\/\/wordpress.reseau-greta-cfa-pdl.fr\/index.php?rest_route=\/wp\/v2\/pages\/2538\/revisions"}],"predecessor-version":[{"id":2582,"href":"https:\/\/wordpress.reseau-greta-cfa-pdl.fr\/index.php?rest_route=\/wp\/v2\/pages\/2538\/revisions\/2582"}],"wp:attachment":[{"href":"https:\/\/wordpress.reseau-greta-cfa-pdl.fr\/index.php?rest_route=%2Fwp%2Fv2%2Fmedia&parent=2538"}],"curies":[{"name":"wp","href":"https:\/\/api.w.org\/{rel}","templated":true}]}}