{"id":406,"date":"2022-05-05T14:29:51","date_gmt":"2022-05-05T12:29:51","guid":{"rendered":"https:\/\/wordpress.reseau-greta-cfa-pdl.fr\/?page_id=406"},"modified":"2025-10-09T10:52:15","modified_gmt":"2025-10-09T08:52:15","slug":"cap-niveau-3","status":"publish","type":"page","link":"https:\/\/wordpress.reseau-greta-cfa-pdl.fr\/?page_id=406","title":{"rendered":"CAP &#8211; niveau 3"},"content":{"rendered":"\t\t<div data-elementor-type=\"wp-page\" data-elementor-id=\"406\" class=\"elementor elementor-406\">\n\t\t\t\t\t\t<section class=\"elementor-section elementor-top-section elementor-element elementor-element-40d38e33 elementor-section-stretched elementor-section-boxed elementor-section-height-default elementor-section-height-default wpr-particle-no wpr-jarallax-no wpr-parallax-no wpr-sticky-section-no\" data-id=\"40d38e33\" data-element_type=\"section\" data-e-type=\"section\" data-settings=\"{&quot;stretch_section&quot;:&quot;section-stretched&quot;,&quot;background_background&quot;:&quot;classic&quot;}\">\n\t\t\t\t\t\t<div class=\"elementor-container elementor-column-gap-default\">\n\t\t\t\t\t<div class=\"elementor-column elementor-col-100 elementor-top-column elementor-element elementor-element-2a0ee269\" data-id=\"2a0ee269\" data-element_type=\"column\" data-e-type=\"column\">\n\t\t\t<div class=\"elementor-widget-wrap elementor-element-populated\">\n\t\t\t\t\t\t<div class=\"elementor-element elementor-element-7dd9b6ae elementor-drop-cap-yes elementor-drop-cap-view-default elementor-widget elementor-widget-text-editor\" data-id=\"7dd9b6ae\" data-element_type=\"widget\" data-e-type=\"widget\" data-settings=\"{&quot;drop_cap&quot;:&quot;yes&quot;}\" data-widget_type=\"text-editor.default\">\n\t\t\t\t<div class=\"elementor-widget-container\">\n\t\t\t\t\t\t\t\t\t<p>Le Certificat d&rsquo;Aptitude Professionnelle (CAP) est un dipl\u00f4me national qui atteste d&rsquo;un premier niveau de qualification professionnelle. Il est class\u00e9 au niveau 3 de la nomenclature interminist\u00e9rielle des niveaux de formation.<\/p><p>\u00a0<\/p>\t\t\t\t\t\t\t\t<\/div>\n\t\t\t\t<\/div>\n\t\t\t\t<div class=\"elementor-element elementor-element-627265a elementor-widget elementor-widget-text-editor\" data-id=\"627265a\" data-element_type=\"widget\" data-e-type=\"widget\" data-widget_type=\"text-editor.default\">\n\t\t\t\t<div class=\"elementor-widget-container\">\n\t\t\t\t\t\t\t\t\t<p><b>Les unit\u00e9s g\u00e9n\u00e9rales<\/b><\/p>\t\t\t\t\t\t\t\t<\/div>\n\t\t\t\t<\/div>\n\t\t\t\t<div class=\"elementor-element elementor-element-71ddb113 elementor-widget elementor-widget-text-editor\" data-id=\"71ddb113\" data-element_type=\"widget\" data-e-type=\"widget\" data-widget_type=\"text-editor.default\">\n\t\t\t\t<div class=\"elementor-widget-container\">\n\t\t\t\t\t\t\t\t\t<p>Quatre dossiers \u00e0 votre disposition :<\/p>\t\t\t\t\t\t\t\t<\/div>\n\t\t\t\t<\/div>\n\t\t\t\t<section class=\"elementor-section elementor-inner-section elementor-element elementor-element-e8be6bd elementor-section-boxed elementor-section-height-default elementor-section-height-default wpr-particle-no wpr-jarallax-no wpr-parallax-no wpr-sticky-section-no\" data-id=\"e8be6bd\" data-element_type=\"section\" data-e-type=\"section\">\n\t\t\t\t\t\t<div class=\"elementor-container elementor-column-gap-default\">\n\t\t\t\t\t<div class=\"elementor-column elementor-col-50 elementor-inner-column elementor-element elementor-element-b53d40c\" data-id=\"b53d40c\" data-element_type=\"column\" data-e-type=\"column\">\n\t\t\t<div class=\"elementor-widget-wrap elementor-element-populated\">\n\t\t\t\t\t\t<div class=\"elementor-element elementor-element-8948b8e elementor-widget elementor-widget-spacer\" data-id=\"8948b8e\" data-element_type=\"widget\" data-e-type=\"widget\" data-widget_type=\"spacer.default\">\n\t\t\t\t<div class=\"elementor-widget-container\">\n\t\t\t\t\t\t\t<div class=\"elementor-spacer\">\n\t\t\t<div class=\"elementor-spacer-inner\"><\/div>\n\t\t<\/div>\n\t\t\t\t\t\t<\/div>\n\t\t\t\t<\/div>\n\t\t\t\t<div class=\"elementor-element elementor-element-88a5287 elementor-widget elementor-widget-text-editor\" data-id=\"88a5287\" data-element_type=\"widget\" data-e-type=\"widget\" data-widget_type=\"text-editor.default\">\n\t\t\t\t<div class=\"elementor-widget-container\">\n\t\t\t\t\t\t\t\t\t<p><span style=\"font-size: inherit; text-align: inherit;\">1. <\/span><strong>La liste et le coefficient des unit\u00e9s g\u00e9n\u00e9rales obligatoires<\/strong><span style=\"font-size: inherit; text-align: inherit;\"> communes aux diff\u00e9rentes sp\u00e9cialit\u00e9s sont fix\u00e9s par l&rsquo;arr\u00eat\u00e9 du 30 ao\u00fbt 2019<\/span><\/p>\t\t\t\t\t\t\t\t<\/div>\n\t\t\t\t<\/div>\n\t\t\t\t<div class=\"elementor-element elementor-element-04d0521 elementor-widget elementor-widget-text-editor\" data-id=\"04d0521\" data-element_type=\"widget\" data-e-type=\"widget\" data-widget_type=\"text-editor.default\">\n\t\t\t\t<div class=\"elementor-widget-container\">\n\t\t\t\t\t\t\t\t\t<p>2. <b>Supports d&rsquo;\u00e9valuation et de notation<\/b> des unit\u00e9s g\u00e9n\u00e9rales (Note de service du 19 mai 2020)<\/p>\t\t\t\t\t\t\t\t<\/div>\n\t\t\t\t<\/div>\n\t\t\t\t<div class=\"elementor-element elementor-element-cfa0183 elementor-widget elementor-widget-text-editor\" data-id=\"cfa0183\" data-element_type=\"widget\" data-e-type=\"widget\" data-widget_type=\"text-editor.default\">\n\t\t\t\t<div class=\"elementor-widget-container\">\n\t\t\t\t\t\t\t\t\t<p>3. <b>La PSE &#8211; aide m\u00e9moire<\/b> : le cadre r\u00e8glementaire, le programme par th\u00e9matique, les modalit\u00e9s d&rsquo;\u00e9valuation, le volume horaire (pour l&rsquo;initial) de 69 heures<\/p>\t\t\t\t\t\t\t\t<\/div>\n\t\t\t\t<\/div>\n\t\t\t\t<div class=\"elementor-element elementor-element-8ebd686 elementor-widget elementor-widget-text-editor\" data-id=\"8ebd686\" data-element_type=\"widget\" data-e-type=\"widget\" data-widget_type=\"text-editor.default\">\n\t\t\t\t<div class=\"elementor-widget-container\">\n\t\t\t\t\t\t\t\t\t<p>4. <b>L&rsquo;\u00e9preuve d&rsquo;\u00e9ducation physique et sportive : \u00e9preuve facultative<\/b>\u00a0pour les stagiaires de la formation professionnelle continue<\/p>\t\t\t\t\t\t\t\t<\/div>\n\t\t\t\t<\/div>\n\t\t\t\t\t<\/div>\n\t\t<\/div>\n\t\t\t\t<div class=\"elementor-column elementor-col-50 elementor-inner-column elementor-element elementor-element-e12f737\" data-id=\"e12f737\" data-element_type=\"column\" data-e-type=\"column\">\n\t\t\t<div class=\"elementor-widget-wrap elementor-element-populated\">\n\t\t\t\t\t\t<div class=\"elementor-element elementor-element-fe4feb2 elementor-widget elementor-widget-spacer\" data-id=\"fe4feb2\" data-element_type=\"widget\" data-e-type=\"widget\" data-widget_type=\"spacer.default\">\n\t\t\t\t<div class=\"elementor-widget-container\">\n\t\t\t\t\t\t\t<div class=\"elementor-spacer\">\n\t\t\t<div class=\"elementor-spacer-inner\"><\/div>\n\t\t<\/div>\n\t\t\t\t\t\t<\/div>\n\t\t\t\t<\/div>\n\t\t\t\t<div class=\"elementor-element elementor-element-663339a2 elementor-align-justify elementor-widget elementor-widget-button\" data-id=\"663339a2\" data-element_type=\"widget\" data-e-type=\"widget\" data-widget_type=\"button.default\">\n\t\t\t\t<div class=\"elementor-widget-container\">\n\t\t\t\t\t\t\t\t\t<div class=\"elementor-button-wrapper\">\n\t\t\t\t\t<a class=\"elementor-button elementor-button-link elementor-size-sm\" href=\"https:\/\/wordpress.reseau-greta-cfa-pdl.fr\/wp-content\/uploads\/2025\/10\/Certif-EN_CAP_Arrete_du_30_aout_2019_Unites_generales.zip\" target=\"_blank\">\n\t\t\t\t\t\t<span class=\"elementor-button-content-wrapper\">\n\t\t\t\t\t\t<span class=\"elementor-button-icon\">\n\t\t\t\t<i aria-hidden=\"true\" class=\"far fa-arrow-alt-circle-down\"><\/i>\t\t\t<\/span>\n\t\t\t\t\t\t\t\t\t<span class=\"elementor-button-text\">Cliquez ici pour t\u00e9l\u00e9charger l'archive ZIP<\/span>\n\t\t\t\t\t<\/span>\n\t\t\t\t\t<\/a>\n\t\t\t\t<\/div>\n\t\t\t\t\t\t\t\t<\/div>\n\t\t\t\t<\/div>\n\t\t\t\t<div class=\"elementor-element elementor-element-d2e1496 elementor-widget elementor-widget-spacer\" data-id=\"d2e1496\" data-element_type=\"widget\" data-e-type=\"widget\" data-widget_type=\"spacer.default\">\n\t\t\t\t<div class=\"elementor-widget-container\">\n\t\t\t\t\t\t\t<div class=\"elementor-spacer\">\n\t\t\t<div class=\"elementor-spacer-inner\"><\/div>\n\t\t<\/div>\n\t\t\t\t\t\t<\/div>\n\t\t\t\t<\/div>\n\t\t\t\t<div class=\"elementor-element elementor-element-1f7ef02 elementor-align-justify elementor-widget elementor-widget-button\" data-id=\"1f7ef02\" data-element_type=\"widget\" data-e-type=\"widget\" data-widget_type=\"button.default\">\n\t\t\t\t<div class=\"elementor-widget-container\">\n\t\t\t\t\t\t\t\t\t<div class=\"elementor-button-wrapper\">\n\t\t\t\t\t<a class=\"elementor-button elementor-button-link elementor-size-sm\" href=\"https:\/\/wordpress.reseau-greta-cfa-pdl.fr\/wp-content\/uploads\/2025\/10\/Certif-EN_CAP_NS_du_19_mai_2020_UG_Evaluation_et_Notation.pdf\" target=\"_blank\">\n\t\t\t\t\t\t<span class=\"elementor-button-content-wrapper\">\n\t\t\t\t\t\t<span class=\"elementor-button-icon\">\n\t\t\t\t<i aria-hidden=\"true\" class=\"far fa-arrow-alt-circle-down\"><\/i>\t\t\t<\/span>\n\t\t\t\t\t\t\t\t\t<span class=\"elementor-button-text\">Cliquez ici pour t\u00e9l\u00e9charger la note<\/span>\n\t\t\t\t\t<\/span>\n\t\t\t\t\t<\/a>\n\t\t\t\t<\/div>\n\t\t\t\t\t\t\t\t<\/div>\n\t\t\t\t<\/div>\n\t\t\t\t<div class=\"elementor-element elementor-element-42c7f4f elementor-widget elementor-widget-spacer\" data-id=\"42c7f4f\" data-element_type=\"widget\" data-e-type=\"widget\" data-widget_type=\"spacer.default\">\n\t\t\t\t<div class=\"elementor-widget-container\">\n\t\t\t\t\t\t\t<div class=\"elementor-spacer\">\n\t\t\t<div class=\"elementor-spacer-inner\"><\/div>\n\t\t<\/div>\n\t\t\t\t\t\t<\/div>\n\t\t\t\t<\/div>\n\t\t\t\t<div class=\"elementor-element elementor-element-bf9a776 elementor-align-justify elementor-widget elementor-widget-button\" data-id=\"bf9a776\" data-element_type=\"widget\" data-e-type=\"widget\" data-widget_type=\"button.default\">\n\t\t\t\t<div class=\"elementor-widget-container\">\n\t\t\t\t\t\t\t\t\t<div class=\"elementor-button-wrapper\">\n\t\t\t\t\t<a class=\"elementor-button elementor-button-link elementor-size-sm\" href=\"https:\/\/wordpress.reseau-greta-cfa-pdl.fr\/wp-content\/uploads\/2025\/10\/Certif-EN_CAP_AIDE_MEMOIRE_R2021_PSE_CAP.pdf\" target=\"_blank\">\n\t\t\t\t\t\t<span class=\"elementor-button-content-wrapper\">\n\t\t\t\t\t\t<span class=\"elementor-button-icon\">\n\t\t\t\t<i aria-hidden=\"true\" class=\"far fa-arrow-alt-circle-down\"><\/i>\t\t\t<\/span>\n\t\t\t\t\t\t\t\t\t<span class=\"elementor-button-text\">Cliquez ici pour t\u00e9l\u00e9charger l'aide m\u00e9moire<\/span>\n\t\t\t\t\t<\/span>\n\t\t\t\t\t<\/a>\n\t\t\t\t<\/div>\n\t\t\t\t\t\t\t\t<\/div>\n\t\t\t\t<\/div>\n\t\t\t\t<div class=\"elementor-element elementor-element-8e0d4e4 elementor-widget elementor-widget-spacer\" data-id=\"8e0d4e4\" data-element_type=\"widget\" data-e-type=\"widget\" data-widget_type=\"spacer.default\">\n\t\t\t\t<div class=\"elementor-widget-container\">\n\t\t\t\t\t\t\t<div class=\"elementor-spacer\">\n\t\t\t<div class=\"elementor-spacer-inner\"><\/div>\n\t\t<\/div>\n\t\t\t\t\t\t<\/div>\n\t\t\t\t<\/div>\n\t\t\t\t<div class=\"elementor-element elementor-element-9a4efc5 elementor-align-justify elementor-widget elementor-widget-button\" data-id=\"9a4efc5\" data-element_type=\"widget\" data-e-type=\"widget\" data-widget_type=\"button.default\">\n\t\t\t\t<div class=\"elementor-widget-container\">\n\t\t\t\t\t\t\t\t\t<div class=\"elementor-button-wrapper\">\n\t\t\t\t\t<a class=\"elementor-button elementor-button-link elementor-size-sm\" href=\"https:\/\/wordpress.reseau-greta-cfa-pdl.fr\/wp-content\/uploads\/2025\/10\/Certif-EN_CAP_EPS.pdf\" target=\"_blank\">\n\t\t\t\t\t\t<span class=\"elementor-button-content-wrapper\">\n\t\t\t\t\t\t<span class=\"elementor-button-icon\">\n\t\t\t\t<i aria-hidden=\"true\" class=\"far fa-arrow-alt-circle-down\"><\/i>\t\t\t<\/span>\n\t\t\t\t\t\t\t\t\t<span class=\"elementor-button-text\">Cliquez ici pour t\u00e9l\u00e9charger la circulaire du 17 juillet 2020 et les annexes 1 et 2<\/span>\n\t\t\t\t\t<\/span>\n\t\t\t\t\t<\/a>\n\t\t\t\t<\/div>\n\t\t\t\t\t\t\t\t<\/div>\n\t\t\t\t<\/div>\n\t\t\t\t\t<\/div>\n\t\t<\/div>\n\t\t\t\t\t<\/div>\n\t\t<\/section>\n\t\t\t\t<div class=\"elementor-element elementor-element-67c2e6d2 elementor-widget elementor-widget-spacer\" data-id=\"67c2e6d2\" data-element_type=\"widget\" data-e-type=\"widget\" data-widget_type=\"spacer.default\">\n\t\t\t\t<div class=\"elementor-widget-container\">\n\t\t\t\t\t\t\t<div class=\"elementor-spacer\">\n\t\t\t<div class=\"elementor-spacer-inner\"><\/div>\n\t\t<\/div>\n\t\t\t\t\t\t<\/div>\n\t\t\t\t<\/div>\n\t\t\t\t<div class=\"elementor-element elementor-element-bc6540c elementor-widget elementor-widget-spacer\" data-id=\"bc6540c\" data-element_type=\"widget\" data-e-type=\"widget\" data-widget_type=\"spacer.default\">\n\t\t\t\t<div class=\"elementor-widget-container\">\n\t\t\t\t\t\t\t<div class=\"elementor-spacer\">\n\t\t\t<div class=\"elementor-spacer-inner\"><\/div>\n\t\t<\/div>\n\t\t\t\t\t\t<\/div>\n\t\t\t\t<\/div>\n\t\t\t\t<div class=\"elementor-element elementor-element-4d7a193d elementor-widget elementor-widget-text-editor\" data-id=\"4d7a193d\" data-element_type=\"widget\" data-e-type=\"widget\" data-widget_type=\"text-editor.default\">\n\t\t\t\t<div class=\"elementor-widget-container\">\n\t\t\t\t\t\t\t\t\t<p><b>Le Livret de formation\u00a0<\/b><\/p>\t\t\t\t\t\t\t\t<\/div>\n\t\t\t\t<\/div>\n\t\t\t\t<div class=\"elementor-element elementor-element-a389987 elementor-widget elementor-widget-spacer\" data-id=\"a389987\" data-element_type=\"widget\" data-e-type=\"widget\" data-widget_type=\"spacer.default\">\n\t\t\t\t<div class=\"elementor-widget-container\">\n\t\t\t\t\t\t\t<div class=\"elementor-spacer\">\n\t\t\t<div class=\"elementor-spacer-inner\"><\/div>\n\t\t<\/div>\n\t\t\t\t\t\t<\/div>\n\t\t\t\t<\/div>\n\t\t\t\t<div class=\"elementor-element elementor-element-f4216f1 elementor-widget elementor-widget-text-editor\" data-id=\"f4216f1\" data-element_type=\"widget\" data-e-type=\"widget\" data-widget_type=\"text-editor.default\">\n\t\t\t\t<div class=\"elementor-widget-container\">\n\t\t\t\t\t\t\t\t\t<p>Le livret de formation constitue un outil d&rsquo;aide \u00e0 la d\u00e9cision pour les jurys du baccalaur\u00e9at professionnel.<\/p><p>\u00a0<\/p><p>Aux termes de l\u2019article <u>D.337-85 <\/u>du code de l&rsquo;\u00e9ducation, aucun candidat ayant fourni un dossier scolaire ou de formation ne peut \u00eatre ajourn\u00e9 sans que le jury ait examin\u00e9 son dossier. Le visa du pr\u00e9sident du jury atteste de cette consultation.<\/p><p>\u00a0<\/p><p>Le livret de formation doit consigner les progr\u00e8s et les acquis de l\u2019apprenant(e) dans les enseignements du lyc\u00e9e. \u00c0 ce titre, et sans naturellement \u00e9luder ses faiblesses, il doit rendre compte avec rigueur et clart\u00e9 des qualit\u00e9s et capacit\u00e9s propres de l\u2019apprenant(e). L&rsquo;\u00e9valuation porte \u00e0 la fois sur l&rsquo;atteinte d&rsquo;un niveau de connaissances et sur le degr\u00e9 de ma\u00eetrise des comp\u00e9tences requises dans les enseignements en r\u00e9f\u00e9rence aux objectifs vis\u00e9s par chacun d&rsquo;entre eux.<\/p><p>\u00a0<\/p><p>C&rsquo;est pourquoi, le livret de formation conjugue l&rsquo;\u00e9valuation chiffr\u00e9e et une approche qualitative des r\u00e9sultats de l\u2019apprenant(e).<\/p>\t\t\t\t\t\t\t\t<\/div>\n\t\t\t\t<\/div>\n\t\t\t\t<div class=\"elementor-element elementor-element-acfd643 elementor-widget elementor-widget-spacer\" data-id=\"acfd643\" data-element_type=\"widget\" data-e-type=\"widget\" data-widget_type=\"spacer.default\">\n\t\t\t\t<div class=\"elementor-widget-container\">\n\t\t\t\t\t\t\t<div class=\"elementor-spacer\">\n\t\t\t<div class=\"elementor-spacer-inner\"><\/div>\n\t\t<\/div>\n\t\t\t\t\t\t<\/div>\n\t\t\t\t<\/div>\n\t\t\t\t<section class=\"elementor-section elementor-inner-section elementor-element elementor-element-7ee8350 elementor-section-boxed elementor-section-height-default elementor-section-height-default wpr-particle-no wpr-jarallax-no wpr-parallax-no wpr-sticky-section-no\" data-id=\"7ee8350\" data-element_type=\"section\" data-e-type=\"section\">\n\t\t\t\t\t\t<div class=\"elementor-container elementor-column-gap-default\">\n\t\t\t\t\t<div class=\"elementor-column elementor-col-50 elementor-inner-column elementor-element elementor-element-91b68b2\" data-id=\"91b68b2\" data-element_type=\"column\" data-e-type=\"column\">\n\t\t\t<div class=\"elementor-widget-wrap elementor-element-populated\">\n\t\t\t\t\t\t<div class=\"elementor-element elementor-element-4490c1c elementor-widget elementor-widget-text-editor\" data-id=\"4490c1c\" data-element_type=\"widget\" data-e-type=\"widget\" data-widget_type=\"text-editor.default\">\n\t\t\t\t<div class=\"elementor-widget-container\">\n\t\t\t\t\t\t\t\t\t<p>Le livret \u00e0 utiliser pour les CAP (couverture saumon &#8211; impression verte)<\/p>\t\t\t\t\t\t\t\t<\/div>\n\t\t\t\t<\/div>\n\t\t\t\t\t<\/div>\n\t\t<\/div>\n\t\t\t\t<div class=\"elementor-column elementor-col-50 elementor-inner-column elementor-element elementor-element-ebd4220\" data-id=\"ebd4220\" data-element_type=\"column\" data-e-type=\"column\">\n\t\t\t<div class=\"elementor-widget-wrap elementor-element-populated\">\n\t\t\t\t\t\t<div class=\"elementor-element elementor-element-a4343c7 elementor-align-justify elementor-widget elementor-widget-button\" data-id=\"a4343c7\" data-element_type=\"widget\" data-e-type=\"widget\" data-widget_type=\"button.default\">\n\t\t\t\t<div class=\"elementor-widget-container\">\n\t\t\t\t\t\t\t\t\t<div class=\"elementor-button-wrapper\">\n\t\t\t\t\t<a class=\"elementor-button elementor-button-link elementor-size-sm\" href=\"https:\/\/wordpress.reseau-greta-cfa-pdl.fr\/wp-content\/uploads\/2025\/10\/Certif-EN_CAP_Livret_form_CAP_trame-2025.doc\" target=\"_blank\">\n\t\t\t\t\t\t<span class=\"elementor-button-content-wrapper\">\n\t\t\t\t\t\t<span class=\"elementor-button-icon\">\n\t\t\t\t<i aria-hidden=\"true\" class=\"far fa-arrow-alt-circle-down\"><\/i>\t\t\t<\/span>\n\t\t\t\t\t\t\t\t\t<span class=\"elementor-button-text\">Cliquez ici pour t\u00e9l\u00e9charger le livret<\/span>\n\t\t\t\t\t<\/span>\n\t\t\t\t\t<\/a>\n\t\t\t\t<\/div>\n\t\t\t\t\t\t\t\t<\/div>\n\t\t\t\t<\/div>\n\t\t\t\t\t<\/div>\n\t\t<\/div>\n\t\t\t\t\t<\/div>\n\t\t<\/section>\n\t\t\t\t<div class=\"elementor-element elementor-element-a2bd8f7 elementor-widget elementor-widget-spacer\" data-id=\"a2bd8f7\" data-element_type=\"widget\" data-e-type=\"widget\" data-widget_type=\"spacer.default\">\n\t\t\t\t<div class=\"elementor-widget-container\">\n\t\t\t\t\t\t\t<div class=\"elementor-spacer\">\n\t\t\t<div class=\"elementor-spacer-inner\"><\/div>\n\t\t<\/div>\n\t\t\t\t\t\t<\/div>\n\t\t\t\t<\/div>\n\t\t\t\t<div class=\"elementor-element elementor-element-5841502f elementor-widget elementor-widget-text-editor\" data-id=\"5841502f\" data-element_type=\"widget\" data-e-type=\"widget\" data-widget_type=\"text-editor.default\">\n\t\t\t\t<div class=\"elementor-widget-container\">\n\t\t\t\t\t\t\t\t\t<p><b>Le Contr\u00f4le en Cours de Formation (CCF)<\/b><\/p>\t\t\t\t\t\t\t\t<\/div>\n\t\t\t\t<\/div>\n\t\t\t\t<div class=\"elementor-element elementor-element-5afae91f elementor-widget elementor-widget-text-editor\" data-id=\"5afae91f\" data-element_type=\"widget\" data-e-type=\"widget\" data-widget_type=\"text-editor.default\">\n\t\t\t\t<div class=\"elementor-widget-container\">\n\t\t\t\t\t\t\t\t\t<p>Le CCF est une modalit\u00e9 d&rsquo;\u00e9valuation certificative, c&rsquo;est \u00e0 dire une \u00e9valuation r\u00e9alis\u00e9e en vue de la d\u00e9livrance d&rsquo;un dipl\u00f4me. Il peut s&rsquo;appliquer \u00e0 un certain nombre d&rsquo;unit\u00e9s et porte sur les comp\u00e9tences, les connaissances, les savoirs et savoir-faire d\u00e9finis dans l&rsquo;arr\u00eat\u00e9 de cr\u00e9ation du dipl\u00f4me professionnel.<\/p><p>L&rsquo;\u00e9valuation par CCF est r\u00e9alis\u00e9e par sondage sur les lieux o\u00f9 se d\u00e9roule la formation (\u00e9tablissement et milieu professionnel), par les formateurs eux-m\u00eames (enseignants et\/ou tuteurs ou ma\u00eetres d&rsquo;apprentissage), au moment o\u00f9 les candidats ont atteint le niveau requis ou ont b\u00e9n\u00e9fici\u00e9 des apprentissages n\u00e9cessaires et suffisants pour aborder une \u00e9valuation certificative.<\/p>\t\t\t\t\t\t\t\t<\/div>\n\t\t\t\t<\/div>\n\t\t\t\t<div class=\"elementor-element elementor-element-7476be2c elementor-widget elementor-widget-text-editor\" data-id=\"7476be2c\" data-element_type=\"widget\" data-e-type=\"widget\" data-widget_type=\"text-editor.default\">\n\t\t\t\t<div class=\"elementor-widget-container\">\n\t\t\t\t\t\t\t\t\t<p>Consultez le site d&rsquo;\u00c9duscol pour obtenir plus d&rsquo;informations :<\/p>\t\t\t\t\t\t\t\t<\/div>\n\t\t\t\t<\/div>\n\t\t\t\t<div class=\"elementor-element elementor-element-584883bc elementor-align-right elementor-widget elementor-widget-button\" data-id=\"584883bc\" data-element_type=\"widget\" data-e-type=\"widget\" data-widget_type=\"button.default\">\n\t\t\t\t<div class=\"elementor-widget-container\">\n\t\t\t\t\t\t\t\t\t<div class=\"elementor-button-wrapper\">\n\t\t\t\t\t<a class=\"elementor-button elementor-button-link elementor-size-sm\" href=\"https:\/\/eduscol.education.fr\/785\/controle-en-cours-de-formation\" target=\"_blank\">\n\t\t\t\t\t\t<span class=\"elementor-button-content-wrapper\">\n\t\t\t\t\t\t<span class=\"elementor-button-icon\">\n\t\t\t\t<i aria-hidden=\"true\" class=\"far fa-hand-point-right\"><\/i>\t\t\t<\/span>\n\t\t\t\t\t\t\t\t\t<span class=\"elementor-button-text\">Cliquez ici pour acc\u00e9der au site d'\u00c9duscol<\/span>\n\t\t\t\t\t<\/span>\n\t\t\t\t\t<\/a>\n\t\t\t\t<\/div>\n\t\t\t\t\t\t\t\t<\/div>\n\t\t\t\t<\/div>\n\t\t\t\t\t<\/div>\n\t\t<\/div>\n\t\t\t\t\t<\/div>\n\t\t<\/section>\n\t\t\t\t<\/div>\n\t\t","protected":false},"excerpt":{"rendered":"<p>Le Certificat d&rsquo;Aptitude Professionnelle (CAP) est un dipl\u00f4me national qui atteste d&rsquo;un premier niveau de qualification professionnelle. Il est class\u00e9 au niveau 3 de la nomenclature interminist\u00e9rielle des niveaux de formation. \u00a0 Les unit\u00e9s g\u00e9n\u00e9rales Quatre dossiers \u00e0 votre disposition : 1. La liste et le coefficient des unit\u00e9s g\u00e9n\u00e9rales obligatoires communes aux diff\u00e9rentes sp\u00e9cialit\u00e9s sont fix\u00e9s par l&rsquo;arr\u00eat\u00e9 du 30 ao\u00fbt 2019 2. Supports d&rsquo;\u00e9valuation et de notation des unit\u00e9s g\u00e9n\u00e9rales (Note de service du 19 mai 2020) 3. La PSE &#8211; aide m\u00e9moire : le cadre r\u00e8glementaire, le programme par th\u00e9matique, les modalit\u00e9s d&rsquo;\u00e9valuation, le volume horaire (pour l&rsquo;initial) de 69 heures 4. L&rsquo;\u00e9preuve d&rsquo;\u00e9ducation physique et sportive : \u00e9preuve facultative\u00a0pour les stagiaires de la formation professionnelle continue Cliquez ici pour t\u00e9l\u00e9charger l&rsquo;archive ZIP Cliquez ici pour t\u00e9l\u00e9charger la note Cliquez ici pour t\u00e9l\u00e9charger l&rsquo;aide m\u00e9moire Cliquez ici pour t\u00e9l\u00e9charger la circulaire du 17 juillet 2020 et les annexes 1 et 2 Le Livret de formation\u00a0 Le livret de formation constitue un outil d&rsquo;aide \u00e0 la d\u00e9cision pour les jurys du baccalaur\u00e9at professionnel. \u00a0 Aux termes de l\u2019article D.337-85 du code de l&rsquo;\u00e9ducation, aucun candidat ayant fourni un dossier scolaire ou de formation ne peut \u00eatre ajourn\u00e9 sans que le jury ait examin\u00e9 son dossier. Le visa du pr\u00e9sident du jury atteste de cette consultation. \u00a0 Le livret de formation doit consigner les progr\u00e8s et les acquis de l\u2019apprenant(e) dans les enseignements du lyc\u00e9e. \u00c0 ce titre, et sans naturellement \u00e9luder ses faiblesses, il doit rendre compte avec rigueur et clart\u00e9 des qualit\u00e9s et capacit\u00e9s propres de l\u2019apprenant(e). L&rsquo;\u00e9valuation porte \u00e0 la fois sur l&rsquo;atteinte d&rsquo;un niveau de connaissances et sur le degr\u00e9 de ma\u00eetrise des comp\u00e9tences requises dans les enseignements en r\u00e9f\u00e9rence aux objectifs vis\u00e9s par chacun d&rsquo;entre eux. \u00a0 C&rsquo;est pourquoi, le livret de formation conjugue l&rsquo;\u00e9valuation chiffr\u00e9e et une approche qualitative des r\u00e9sultats de l\u2019apprenant(e). Le livret \u00e0 utiliser pour les CAP (couverture saumon &#8211; impression verte) Cliquez ici pour t\u00e9l\u00e9charger le livret Le Contr\u00f4le en Cours de Formation (CCF) Le CCF est une modalit\u00e9 d&rsquo;\u00e9valuation certificative, c&rsquo;est \u00e0 dire une \u00e9valuation r\u00e9alis\u00e9e en vue de la d\u00e9livrance d&rsquo;un dipl\u00f4me. Il peut s&rsquo;appliquer \u00e0 un certain nombre d&rsquo;unit\u00e9s et porte sur les comp\u00e9tences, les connaissances, les savoirs et savoir-faire d\u00e9finis dans l&rsquo;arr\u00eat\u00e9 de cr\u00e9ation du dipl\u00f4me professionnel. L&rsquo;\u00e9valuation par CCF est r\u00e9alis\u00e9e par sondage sur les lieux o\u00f9 se d\u00e9roule la formation (\u00e9tablissement et milieu professionnel), par les formateurs eux-m\u00eames (enseignants et\/ou tuteurs ou ma\u00eetres d&rsquo;apprentissage), au moment o\u00f9 les candidats ont atteint le niveau requis ou ont b\u00e9n\u00e9fici\u00e9 des apprentissages n\u00e9cessaires et suffisants pour aborder une \u00e9valuation certificative. Consultez le site d&rsquo;\u00c9duscol pour obtenir plus d&rsquo;informations : Cliquez ici pour acc\u00e9der au site d&rsquo;\u00c9duscol<\/p>\n","protected":false},"author":3,"featured_media":0,"parent":0,"menu_order":0,"comment_status":"closed","ping_status":"closed","template":"","meta":{"footnotes":""},"class_list":["post-406","page","type-page","status-publish","hentry"],"_links":{"self":[{"href":"https:\/\/wordpress.reseau-greta-cfa-pdl.fr\/index.php?rest_route=\/wp\/v2\/pages\/406","targetHints":{"allow":["GET"]}}],"collection":[{"href":"https:\/\/wordpress.reseau-greta-cfa-pdl.fr\/index.php?rest_route=\/wp\/v2\/pages"}],"about":[{"href":"https:\/\/wordpress.reseau-greta-cfa-pdl.fr\/index.php?rest_route=\/wp\/v2\/types\/page"}],"author":[{"embeddable":true,"href":"https:\/\/wordpress.reseau-greta-cfa-pdl.fr\/index.php?rest_route=\/wp\/v2\/users\/3"}],"replies":[{"embeddable":true,"href":"https:\/\/wordpress.reseau-greta-cfa-pdl.fr\/index.php?rest_route=%2Fwp%2Fv2%2Fcomments&post=406"}],"version-history":[{"count":101,"href":"https:\/\/wordpress.reseau-greta-cfa-pdl.fr\/index.php?rest_route=\/wp\/v2\/pages\/406\/revisions"}],"predecessor-version":[{"id":8856,"href":"https:\/\/wordpress.reseau-greta-cfa-pdl.fr\/index.php?rest_route=\/wp\/v2\/pages\/406\/revisions\/8856"}],"wp:attachment":[{"href":"https:\/\/wordpress.reseau-greta-cfa-pdl.fr\/index.php?rest_route=%2Fwp%2Fv2%2Fmedia&parent=406"}],"curies":[{"name":"wp","href":"https:\/\/api.w.org\/{rel}","templated":true}]}}