{"id":8473,"date":"2025-12-16T11:46:33","date_gmt":"2025-12-16T10:46:33","guid":{"rendered":"https:\/\/wordpress.reseau-greta-cfa-pdl.fr\/?page_id=8473"},"modified":"2025-12-19T10:14:52","modified_gmt":"2025-12-19T09:14:52","slug":"apprentissage","status":"publish","type":"page","link":"https:\/\/wordpress.reseau-greta-cfa-pdl.fr\/?page_id=8473","title":{"rendered":"Apprentissage"},"content":{"rendered":"\t\t<div data-elementor-type=\"wp-page\" data-elementor-id=\"8473\" class=\"elementor elementor-8473\">\n\t\t\t\t\t\t<section class=\"elementor-section elementor-top-section elementor-element elementor-element-6aaa2a0 elementor-section-stretched elementor-section-boxed elementor-section-height-default elementor-section-height-default wpr-particle-no wpr-jarallax-no wpr-parallax-no wpr-sticky-section-no\" data-id=\"6aaa2a0\" data-element_type=\"section\" data-e-type=\"section\" data-settings=\"{&quot;stretch_section&quot;:&quot;section-stretched&quot;}\">\n\t\t\t\t\t\t<div class=\"elementor-container elementor-column-gap-default\">\n\t\t\t\t\t<div class=\"elementor-column elementor-col-100 elementor-top-column elementor-element elementor-element-18a06aa\" data-id=\"18a06aa\" data-element_type=\"column\" data-e-type=\"column\">\n\t\t\t<div class=\"elementor-widget-wrap elementor-element-populated\">\n\t\t\t\t\t\t<div class=\"elementor-element elementor-element-4417d25 elementor-widget__width-initial elementor-widget elementor-widget-text-editor\" data-id=\"4417d25\" data-element_type=\"widget\" data-e-type=\"widget\" data-widget_type=\"text-editor.default\">\n\t\t\t\t<div class=\"elementor-widget-container\">\n\t\t\t\t\t\t\t\t\t<p><strong>L\u2019apprentissage<\/strong> est une modalit\u00e9 de formation en <strong>alternance<\/strong> mise en place entre une entreprise et un \u00e9tablissement de formation, au b\u00e9n\u00e9fice d\u2019un jeune \u00e2g\u00e9 de 16 \u00e0 29 ans.<\/p><p>Les certifications accessibles par l&rsquo;apprentissage :<\/p><ul><li>Tous les <strong>dipl\u00f4mes de l\u2019\u00c9ducation Nationale<\/strong> (CAP, Bac Pro, BP, CS, BMA)<\/li><li>Les dipl\u00f4mes de l&rsquo;enseignement sup\u00e9rieur (BTS, bachelor universitaire de technologie, licences professionnelles, DNMAD, master&#8230;)<\/li><li>Les <strong>titres professionnels<\/strong> d\u00e9livr\u00e9s par le minist\u00e8re du travail<\/li><li>Certaines certifications priv\u00e9es enregistr\u00e9es au RNCP<\/li><\/ul><p><strong>Remarque <\/strong>:\u00a0 <strong>Les Certificats de Qualification Professionnelle (CQP<\/strong>) ne sont pas\u00a0ouverts au contrat d\u2019apprentissage en tant que tels. Autrement dit, on ne peut pas pr\u00e9parer un CQP dans le cadre d\u2019un contrat d\u2019apprentissage sauf si le CQP a \u00e9t\u00e9 sp\u00e9cifiquement enregistr\u00e9 au RNCP\u00a0comme un<strong> titre \u00e0 finalit\u00e9 professionnelle.<\/strong><\/p>\t\t\t\t\t\t\t\t<\/div>\n\t\t\t\t<\/div>\n\t\t\t\t<div class=\"elementor-element elementor-element-1149690 elementor-widget elementor-widget-spacer\" data-id=\"1149690\" data-element_type=\"widget\" data-e-type=\"widget\" data-widget_type=\"spacer.default\">\n\t\t\t\t<div class=\"elementor-widget-container\">\n\t\t\t\t\t\t\t<div class=\"elementor-spacer\">\n\t\t\t<div class=\"elementor-spacer-inner\"><\/div>\n\t\t<\/div>\n\t\t\t\t\t\t<\/div>\n\t\t\t\t<\/div>\n\t\t\t\t<div class=\"elementor-element elementor-element-9123130 elementor-widget__width-initial elementor-widget elementor-widget-text-editor\" data-id=\"9123130\" data-element_type=\"widget\" data-e-type=\"widget\" data-widget_type=\"text-editor.default\">\n\t\t\t\t<div class=\"elementor-widget-container\">\n\t\t\t\t\t\t\t\t\t<p><b><span style=\"font-size: 22px;\">Quelques outils<\/span>\u00a0<\/b><\/p>\t\t\t\t\t\t\t\t<\/div>\n\t\t\t\t<\/div>\n\t\t\t\t<div class=\"elementor-element elementor-element-ddc448c elementor-widget elementor-widget-spacer\" data-id=\"ddc448c\" data-element_type=\"widget\" data-e-type=\"widget\" data-widget_type=\"spacer.default\">\n\t\t\t\t<div class=\"elementor-widget-container\">\n\t\t\t\t\t\t\t<div class=\"elementor-spacer\">\n\t\t\t<div class=\"elementor-spacer-inner\"><\/div>\n\t\t<\/div>\n\t\t\t\t\t\t<\/div>\n\t\t\t\t<\/div>\n\t\t\t\t<div class=\"elementor-element elementor-element-87711ff elementor-widget__width-initial elementor-widget elementor-widget-text-editor\" data-id=\"87711ff\" data-element_type=\"widget\" data-e-type=\"widget\" data-widget_type=\"text-editor.default\">\n\t\t\t\t<div class=\"elementor-widget-container\">\n\t\t\t\t\t\t\t\t\t<ul><li><strong>La mise en \u0153uvre de la mixit\u00e9 de publics en EPLE<\/strong><em> (rep\u00e8res p\u00e9dagogiques &#8211; acad\u00e9mie de Nantes &#8211; MCPA &#8211; 2020)<br \/><\/em>T\u00e9l\u00e9charger le document <a href=\"https:\/\/wordpress.reseau-greta-cfa-pdl.fr\/wp-content\/uploads\/2025\/12\/apprentissage_repere_mixite_de_public_EPLE_2020.pdf\">ICI<\/a><\/li><\/ul><ul><li><strong>Le vademecum de l&rsquo;apprentissage<\/strong> \u00e9dit\u00e9 par la MCPA de Nantes (2023)<br \/>T\u00e9l\u00e9charger le document <a href=\"https:\/\/wordpress.reseau-greta-cfa-pdl.fr\/wp-content\/uploads\/2025\/12\/mcpa-vademecum-2023.pdf\">ICI<\/a><\/li><\/ul>\t\t\t\t\t\t\t\t<\/div>\n\t\t\t\t<\/div>\n\t\t\t\t<div class=\"elementor-element elementor-element-192484b elementor-widget elementor-widget-spacer\" data-id=\"192484b\" data-element_type=\"widget\" data-e-type=\"widget\" data-widget_type=\"spacer.default\">\n\t\t\t\t<div class=\"elementor-widget-container\">\n\t\t\t\t\t\t\t<div class=\"elementor-spacer\">\n\t\t\t<div class=\"elementor-spacer-inner\"><\/div>\n\t\t<\/div>\n\t\t\t\t\t\t<\/div>\n\t\t\t\t<\/div>\n\t\t\t\t<div class=\"elementor-element elementor-element-5efca1b elementor-widget__width-initial elementor-widget elementor-widget-text-editor\" data-id=\"5efca1b\" data-element_type=\"widget\" data-e-type=\"widget\" data-widget_type=\"text-editor.default\">\n\t\t\t\t<div class=\"elementor-widget-container\">\n\t\t\t\t\t\t\t\t\t<p><strong><span style=\"font-size: 19px;\">Sites \u00e0 retenir<\/span><\/strong><\/p><p>\u00a0<\/p><ul><li>La r\u00e8glementation dans le <a href=\"https:\/\/www.legifrance.gouv.fr\/codes\/section_lc\/LEGITEXT000006072050\/LEGISCTA000006160819\/\">Code du travail <\/a><em>(Articles L6221-1 \u00e0 L6227-12)<\/em><\/li><li>L&rsquo;apprentissage, mode d&#8217;emploi sur <a href=\"https:\/\/eduscol.education.fr\/668\/l-apprentissage-mode-d-emploi\">Eduscol<\/a><\/li><li>Des informations et des outils \u00e9galement sur le site du Rectorat de Nantes &#8211; Onglet <a href=\"https:\/\/www.ac-nantes.fr\/mcpa\">MCPA<\/a><\/li><\/ul>\t\t\t\t\t\t\t\t<\/div>\n\t\t\t\t<\/div>\n\t\t\t\t\t<\/div>\n\t\t<\/div>\n\t\t\t\t\t<\/div>\n\t\t<\/section>\n\t\t\t\t<section class=\"elementor-section elementor-top-section elementor-element elementor-element-a9110c2 elementor-section-boxed elementor-section-height-default elementor-section-height-default wpr-particle-no wpr-jarallax-no wpr-parallax-no wpr-sticky-section-no\" data-id=\"a9110c2\" data-element_type=\"section\" data-e-type=\"section\">\n\t\t\t\t\t\t<div class=\"elementor-container elementor-column-gap-default\">\n\t\t\t\t\t<div class=\"elementor-column elementor-col-100 elementor-top-column elementor-element elementor-element-73fa6a4\" data-id=\"73fa6a4\" data-element_type=\"column\" data-e-type=\"column\">\n\t\t\t<div class=\"elementor-widget-wrap elementor-element-populated\">\n\t\t\t\t\t\t<div class=\"elementor-element elementor-element-0580a67 elementor-widget elementor-widget-spacer\" data-id=\"0580a67\" data-element_type=\"widget\" data-e-type=\"widget\" data-widget_type=\"spacer.default\">\n\t\t\t\t<div class=\"elementor-widget-container\">\n\t\t\t\t\t\t\t<div class=\"elementor-spacer\">\n\t\t\t<div class=\"elementor-spacer-inner\"><\/div>\n\t\t<\/div>\n\t\t\t\t\t\t<\/div>\n\t\t\t\t<\/div>\n\t\t\t\t\t<\/div>\n\t\t<\/div>\n\t\t\t\t\t<\/div>\n\t\t<\/section>\n\t\t\t\t<\/div>\n\t\t","protected":false},"excerpt":{"rendered":"<p>L\u2019apprentissage est une modalit\u00e9 de formation en alternance mise en place entre une entreprise et un \u00e9tablissement de formation, au b\u00e9n\u00e9fice d\u2019un jeune \u00e2g\u00e9 de 16 \u00e0 29 ans. Les certifications accessibles par l&rsquo;apprentissage : Tous les dipl\u00f4mes de l\u2019\u00c9ducation Nationale (CAP, Bac Pro, BP, CS, BMA) Les dipl\u00f4mes de l&rsquo;enseignement sup\u00e9rieur (BTS, bachelor universitaire de technologie, licences professionnelles, DNMAD, master&#8230;) Les titres professionnels d\u00e9livr\u00e9s par le minist\u00e8re du travail Certaines certifications priv\u00e9es enregistr\u00e9es au RNCP Remarque :\u00a0 Les Certificats de Qualification Professionnelle (CQP) ne sont pas\u00a0ouverts au contrat d\u2019apprentissage en tant que tels. Autrement dit, on ne peut pas pr\u00e9parer un CQP dans le cadre d\u2019un contrat d\u2019apprentissage sauf si le CQP a \u00e9t\u00e9 sp\u00e9cifiquement enregistr\u00e9 au RNCP\u00a0comme un titre \u00e0 finalit\u00e9 professionnelle. Quelques outils\u00a0 La mise en \u0153uvre de la mixit\u00e9 de publics en EPLE (rep\u00e8res p\u00e9dagogiques &#8211; acad\u00e9mie de Nantes &#8211; MCPA &#8211; 2020)T\u00e9l\u00e9charger le document ICI Le vademecum de l&rsquo;apprentissage \u00e9dit\u00e9 par la MCPA de Nantes (2023)T\u00e9l\u00e9charger le document ICI Sites \u00e0 retenir \u00a0 La r\u00e8glementation dans le Code du travail (Articles L6221-1 \u00e0 L6227-12) L&rsquo;apprentissage, mode d&#8217;emploi sur Eduscol Des informations et des outils \u00e9galement sur le site du Rectorat de Nantes &#8211; Onglet MCPA<\/p>\n","protected":false},"author":6,"featured_media":0,"parent":0,"menu_order":0,"comment_status":"closed","ping_status":"closed","template":"","meta":{"footnotes":""},"class_list":["post-8473","page","type-page","status-publish","hentry"],"_links":{"self":[{"href":"https:\/\/wordpress.reseau-greta-cfa-pdl.fr\/index.php?rest_route=\/wp\/v2\/pages\/8473","targetHints":{"allow":["GET"]}}],"collection":[{"href":"https:\/\/wordpress.reseau-greta-cfa-pdl.fr\/index.php?rest_route=\/wp\/v2\/pages"}],"about":[{"href":"https:\/\/wordpress.reseau-greta-cfa-pdl.fr\/index.php?rest_route=\/wp\/v2\/types\/page"}],"author":[{"embeddable":true,"href":"https:\/\/wordpress.reseau-greta-cfa-pdl.fr\/index.php?rest_route=\/wp\/v2\/users\/6"}],"replies":[{"embeddable":true,"href":"https:\/\/wordpress.reseau-greta-cfa-pdl.fr\/index.php?rest_route=%2Fwp%2Fv2%2Fcomments&post=8473"}],"version-history":[{"count":49,"href":"https:\/\/wordpress.reseau-greta-cfa-pdl.fr\/index.php?rest_route=\/wp\/v2\/pages\/8473\/revisions"}],"predecessor-version":[{"id":8536,"href":"https:\/\/wordpress.reseau-greta-cfa-pdl.fr\/index.php?rest_route=\/wp\/v2\/pages\/8473\/revisions\/8536"}],"wp:attachment":[{"href":"https:\/\/wordpress.reseau-greta-cfa-pdl.fr\/index.php?rest_route=%2Fwp%2Fv2%2Fmedia&parent=8473"}],"curies":[{"name":"wp","href":"https:\/\/api.w.org\/{rel}","templated":true}]}}