{"id":91,"date":"2022-05-05T11:31:07","date_gmt":"2022-05-05T09:31:07","guid":{"rendered":"https:\/\/wordpress.reseau-greta-cfa-pdl.fr\/?page_id=91"},"modified":"2025-10-09T10:54:52","modified_gmt":"2025-10-09T08:54:52","slug":"mentions-complementaires-niveaux-3-et-4","status":"publish","type":"page","link":"https:\/\/wordpress.reseau-greta-cfa-pdl.fr\/?page_id=91","title":{"rendered":"Certificat de sp\u00e9cialisation &#8211; niveaux 3 et 4"},"content":{"rendered":"\t\t<div data-elementor-type=\"wp-page\" data-elementor-id=\"91\" class=\"elementor elementor-91\">\n\t\t\t\t\t\t<section class=\"elementor-section elementor-top-section elementor-element elementor-element-5c05df54 elementor-section-stretched elementor-section-boxed elementor-section-height-default elementor-section-height-default wpr-particle-no wpr-jarallax-no wpr-parallax-no wpr-sticky-section-no\" data-id=\"5c05df54\" data-element_type=\"section\" data-e-type=\"section\" data-settings=\"{&quot;stretch_section&quot;:&quot;section-stretched&quot;,&quot;background_background&quot;:&quot;classic&quot;}\">\n\t\t\t\t\t\t<div class=\"elementor-container elementor-column-gap-default\">\n\t\t\t\t\t<div class=\"elementor-column elementor-col-100 elementor-top-column elementor-element elementor-element-4807d783\" data-id=\"4807d783\" data-element_type=\"column\" data-e-type=\"column\">\n\t\t\t<div class=\"elementor-widget-wrap elementor-element-populated\">\n\t\t\t\t\t\t<div class=\"elementor-element elementor-element-5dddad33 elementor-drop-cap-yes elementor-drop-cap-view-default elementor-widget elementor-widget-text-editor\" data-id=\"5dddad33\" data-element_type=\"widget\" data-e-type=\"widget\" data-settings=\"{&quot;drop_cap&quot;:&quot;yes&quot;}\" data-widget_type=\"text-editor.default\">\n\t\t\t\t<div class=\"elementor-widget-container\">\n\t\t\t\t\t\t\t\t\t<p>Le certificat de sp\u00e9cialisation est un dipl\u00f4me national, de niveaux 3 ou 4, qui vise \u00e0 donner \u00e0 son titulaire une qualification sp\u00e9cialis\u00e9e. <span style=\"font-size: inherit; text-align: inherit;\">Le certificat de sp\u00e9cialisation est accessible par la VAE.<\/span><\/p><p>L&rsquo;acc\u00e8s \u00e0 la formation est possible pour les candidats d\u00e9j\u00e0 titulaires d&rsquo;un premier dipl\u00f4me de l&rsquo;enseignement professionnel ou technologique et, \u00e9ventuellement, g\u00e9n\u00e9ral.<\/p>\t\t\t\t\t\t\t\t<\/div>\n\t\t\t\t<\/div>\n\t\t\t\t<div class=\"elementor-element elementor-element-624bd4f5 elementor-widget elementor-widget-spacer\" data-id=\"624bd4f5\" data-element_type=\"widget\" data-e-type=\"widget\" data-widget_type=\"spacer.default\">\n\t\t\t\t<div class=\"elementor-widget-container\">\n\t\t\t\t\t\t\t<div class=\"elementor-spacer\">\n\t\t\t<div class=\"elementor-spacer-inner\"><\/div>\n\t\t<\/div>\n\t\t\t\t\t\t<\/div>\n\t\t\t\t<\/div>\n\t\t\t\t<div class=\"elementor-element elementor-element-5e6bfd01 elementor-widget elementor-widget-text-editor\" data-id=\"5e6bfd01\" data-element_type=\"widget\" data-e-type=\"widget\" data-widget_type=\"text-editor.default\">\n\t\t\t\t<div class=\"elementor-widget-container\">\n\t\t\t\t\t\t\t\t\t<p><b>L&rsquo;admission en formation d&rsquo;un certificat de sp\u00e9cialisation<\/b><\/p>\t\t\t\t\t\t\t\t<\/div>\n\t\t\t\t<\/div>\n\t\t\t\t<div class=\"elementor-element elementor-element-555eee04 elementor-widget elementor-widget-text-editor\" data-id=\"555eee04\" data-element_type=\"widget\" data-e-type=\"widget\" data-widget_type=\"text-editor.default\">\n\t\t\t\t<div class=\"elementor-widget-container\">\n\t\t\t\t\t\t\t\t\t<p>Le certificat de sp\u00e9cialisation est accessible, sur d\u00e9cision de la Rectrice, aux :<\/p><ul><li>personnes ayant accompli en France ou \u00e0 l&rsquo;\u00e9tranger une formation valid\u00e9e par un dipl\u00f4me ou un titre d&rsquo;un niveau comparable aux dipl\u00f4mes et titres mentionn\u00e9s \u00e0 l&rsquo;article D 337-143 et dans un secteur en rapport avec leur finalit\u00e9 ;<\/li><li>personnes \u00e0 la recherche d&rsquo;un emploi ou en reconversion professionnelle ayant interrompu leurs \u00e9tudes depuis plus de deux ans et ne poss\u00e9dant pas les dipl\u00f4mes et titres exig\u00e9s par chaque arr\u00eat\u00e9 de sp\u00e9cialit\u00e9, mentionn\u00e9 \u00e0 l&rsquo;article D 337-143, ni les autres titres ou dipl\u00f4mes mentionn\u00e9s au premier alin\u00e9a du pr\u00e9sent article.<\/li><\/ul>\t\t\t\t\t\t\t\t<\/div>\n\t\t\t\t<\/div>\n\t\t\t\t<div class=\"elementor-element elementor-element-243e902 elementor-widget elementor-widget-text-editor\" data-id=\"243e902\" data-element_type=\"widget\" data-e-type=\"widget\" data-widget_type=\"text-editor.default\">\n\t\t\t\t<div class=\"elementor-widget-container\">\n\t\t\t\t\t\t\t\t\t<p>Pour cela, il convient de <b>pr\u00e9senter une demande d\u2019admission \u00e0 la pr\u00e9paration d\u2019un certificat de sp\u00e9cialisation<\/b> [version octobre 2024] :<\/p>\t\t\t\t\t\t\t\t<\/div>\n\t\t\t\t<\/div>\n\t\t\t\t<div class=\"elementor-element elementor-element-8655c4a elementor-widget elementor-widget-spacer\" data-id=\"8655c4a\" data-element_type=\"widget\" data-e-type=\"widget\" data-widget_type=\"spacer.default\">\n\t\t\t\t<div class=\"elementor-widget-container\">\n\t\t\t\t\t\t\t<div class=\"elementor-spacer\">\n\t\t\t<div class=\"elementor-spacer-inner\"><\/div>\n\t\t<\/div>\n\t\t\t\t\t\t<\/div>\n\t\t\t\t<\/div>\n\t\t\t\t<div class=\"elementor-element elementor-element-4dc1e834 elementor-align-right elementor-widget elementor-widget-button\" data-id=\"4dc1e834\" data-element_type=\"widget\" data-e-type=\"widget\" data-widget_type=\"button.default\">\n\t\t\t\t<div class=\"elementor-widget-container\">\n\t\t\t\t\t\t\t\t\t<div class=\"elementor-button-wrapper\">\n\t\t\t\t\t<a class=\"elementor-button elementor-button-link elementor-size-sm\" href=\"https:\/\/wordpress.reseau-greta-cfa-pdl.fr\/wp-content\/uploads\/2025\/10\/Certif-EN_CS_demande-d-admission_niveau-3_2024.doc\" target=\"_blank\">\n\t\t\t\t\t\t<span class=\"elementor-button-content-wrapper\">\n\t\t\t\t\t\t<span class=\"elementor-button-icon\">\n\t\t\t\t<i aria-hidden=\"true\" class=\"far fa-arrow-alt-circle-down\"><\/i>\t\t\t<\/span>\n\t\t\t\t\t\t\t\t\t<span class=\"elementor-button-text\">Cliquez ici pour t\u00e9l\u00e9charger la demande d'admission \u00e0 la pr\u00e9paration d'un CS niveau 3<\/span>\n\t\t\t\t\t<\/span>\n\t\t\t\t\t<\/a>\n\t\t\t\t<\/div>\n\t\t\t\t\t\t\t\t<\/div>\n\t\t\t\t<\/div>\n\t\t\t\t<div class=\"elementor-element elementor-element-4360b45 elementor-widget elementor-widget-spacer\" data-id=\"4360b45\" data-element_type=\"widget\" data-e-type=\"widget\" data-widget_type=\"spacer.default\">\n\t\t\t\t<div class=\"elementor-widget-container\">\n\t\t\t\t\t\t\t<div class=\"elementor-spacer\">\n\t\t\t<div class=\"elementor-spacer-inner\"><\/div>\n\t\t<\/div>\n\t\t\t\t\t\t<\/div>\n\t\t\t\t<\/div>\n\t\t\t\t<div class=\"elementor-element elementor-element-85b9d64 elementor-align-right elementor-widget elementor-widget-button\" data-id=\"85b9d64\" data-element_type=\"widget\" data-e-type=\"widget\" data-widget_type=\"button.default\">\n\t\t\t\t<div class=\"elementor-widget-container\">\n\t\t\t\t\t\t\t\t\t<div class=\"elementor-button-wrapper\">\n\t\t\t\t\t<a class=\"elementor-button elementor-button-link elementor-size-sm\" href=\"https:\/\/wordpress.reseau-greta-cfa-pdl.fr\/wp-content\/uploads\/2025\/10\/Certif-EN_CS_demande-d-admission_niveau-4_2024.doc\" target=\"_blank\">\n\t\t\t\t\t\t<span class=\"elementor-button-content-wrapper\">\n\t\t\t\t\t\t<span class=\"elementor-button-icon\">\n\t\t\t\t<i aria-hidden=\"true\" class=\"far fa-arrow-alt-circle-down\"><\/i>\t\t\t<\/span>\n\t\t\t\t\t\t\t\t\t<span class=\"elementor-button-text\">Cliquez ici pour t\u00e9l\u00e9charger la demande d'admission \u00e0 la pr\u00e9paration d'un CS niveau 4<\/span>\n\t\t\t\t\t<\/span>\n\t\t\t\t\t<\/a>\n\t\t\t\t<\/div>\n\t\t\t\t\t\t\t\t<\/div>\n\t\t\t\t<\/div>\n\t\t\t\t<div class=\"elementor-element elementor-element-7437600 elementor-widget elementor-widget-spacer\" data-id=\"7437600\" data-element_type=\"widget\" data-e-type=\"widget\" data-widget_type=\"spacer.default\">\n\t\t\t\t<div class=\"elementor-widget-container\">\n\t\t\t\t\t\t\t<div class=\"elementor-spacer\">\n\t\t\t<div class=\"elementor-spacer-inner\"><\/div>\n\t\t<\/div>\n\t\t\t\t\t\t<\/div>\n\t\t\t\t<\/div>\n\t\t\t\t<div class=\"elementor-element elementor-element-f53a8da elementor-widget elementor-widget-text-editor\" data-id=\"f53a8da\" data-element_type=\"widget\" data-e-type=\"widget\" data-widget_type=\"text-editor.default\">\n\t\t\t\t<div class=\"elementor-widget-container\">\n\t\t\t\t\t\t\t\t\t<p>Le d\u00e9p\u00f4t de ce dossier est \u00e0 r\u00e9aliser aupr\u00e8s du <b>Rectorat de Nantes, secr\u00e9tariat des IEN ET EG<\/b>.<\/p>\t\t\t\t\t\t\t\t<\/div>\n\t\t\t\t<\/div>\n\t\t\t\t<div class=\"elementor-element elementor-element-23867c7c elementor-widget elementor-widget-spacer\" data-id=\"23867c7c\" data-element_type=\"widget\" data-e-type=\"widget\" data-widget_type=\"spacer.default\">\n\t\t\t\t<div class=\"elementor-widget-container\">\n\t\t\t\t\t\t\t<div class=\"elementor-spacer\">\n\t\t\t<div class=\"elementor-spacer-inner\"><\/div>\n\t\t<\/div>\n\t\t\t\t\t\t<\/div>\n\t\t\t\t<\/div>\n\t\t\t\t<div class=\"elementor-element elementor-element-7e404410 elementor-widget elementor-widget-text-editor\" data-id=\"7e404410\" data-element_type=\"widget\" data-e-type=\"widget\" data-widget_type=\"text-editor.default\">\n\t\t\t\t<div class=\"elementor-widget-container\">\n\t\t\t\t\t\t\t\t\t<p><b>Contact<\/b><\/p>\t\t\t\t\t\t\t\t<\/div>\n\t\t\t\t<\/div>\n\t\t\t\t<div class=\"elementor-element elementor-element-553e3c4d elementor-widget elementor-widget-text-editor\" data-id=\"553e3c4d\" data-element_type=\"widget\" data-e-type=\"widget\" data-widget_type=\"text-editor.default\">\n\t\t\t\t<div class=\"elementor-widget-container\">\n\t\t\t\t\t\t\t\t\t<p>Mme FORGET<\/p><p>Rectorat de Nantes<\/p><p>4 Rue de la Houssini\u00e8re &#8211; B\u00e2timent H2<\/p><p>BP 72616 &#8211; 44325 NANTES Cedex<\/p><p>T\u00e9l. : 02 72 56 65 06<\/p><p>Courriel : <a href=\"mailto:rectorat-positionnement@ac-nantes.fr\">rectorat-positionnement@ac-nantes.fr<\/a><\/p>\t\t\t\t\t\t\t\t<\/div>\n\t\t\t\t<\/div>\n\t\t\t\t\t<\/div>\n\t\t<\/div>\n\t\t\t\t\t<\/div>\n\t\t<\/section>\n\t\t\t\t<\/div>\n\t\t","protected":false},"excerpt":{"rendered":"<p>Le certificat de sp\u00e9cialisation est un dipl\u00f4me national, de niveaux 3 ou 4, qui vise \u00e0 donner \u00e0 son titulaire une qualification sp\u00e9cialis\u00e9e. Le certificat de sp\u00e9cialisation est accessible par la VAE. L&rsquo;acc\u00e8s \u00e0 la formation est possible pour les candidats d\u00e9j\u00e0 titulaires d&rsquo;un premier dipl\u00f4me de l&rsquo;enseignement professionnel ou technologique et, \u00e9ventuellement, g\u00e9n\u00e9ral. L&rsquo;admission en formation d&rsquo;un certificat de sp\u00e9cialisation Le certificat de sp\u00e9cialisation est accessible, sur d\u00e9cision de la Rectrice, aux : personnes ayant accompli en France ou \u00e0 l&rsquo;\u00e9tranger une formation valid\u00e9e par un dipl\u00f4me ou un titre d&rsquo;un niveau comparable aux dipl\u00f4mes et titres mentionn\u00e9s \u00e0 l&rsquo;article D 337-143 et dans un secteur en rapport avec leur finalit\u00e9 ; personnes \u00e0 la recherche d&rsquo;un emploi ou en reconversion professionnelle ayant interrompu leurs \u00e9tudes depuis plus de deux ans et ne poss\u00e9dant pas les dipl\u00f4mes et titres exig\u00e9s par chaque arr\u00eat\u00e9 de sp\u00e9cialit\u00e9, mentionn\u00e9 \u00e0 l&rsquo;article D 337-143, ni les autres titres ou dipl\u00f4mes mentionn\u00e9s au premier alin\u00e9a du pr\u00e9sent article. Pour cela, il convient de pr\u00e9senter une demande d\u2019admission \u00e0 la pr\u00e9paration d\u2019un certificat de sp\u00e9cialisation [version octobre 2024] : Cliquez ici pour t\u00e9l\u00e9charger la demande d&rsquo;admission \u00e0 la pr\u00e9paration d&rsquo;un CS niveau 3 Cliquez ici pour t\u00e9l\u00e9charger la demande d&rsquo;admission \u00e0 la pr\u00e9paration d&rsquo;un CS niveau 4 Le d\u00e9p\u00f4t de ce dossier est \u00e0 r\u00e9aliser aupr\u00e8s du Rectorat de Nantes, secr\u00e9tariat des IEN ET EG. Contact Mme FORGET Rectorat de Nantes 4 Rue de la Houssini\u00e8re &#8211; B\u00e2timent H2 BP 72616 &#8211; 44325 NANTES Cedex T\u00e9l. : 02 72 56 65 06 Courriel : rectorat-positionnement@ac-nantes.fr<\/p>\n","protected":false},"author":3,"featured_media":0,"parent":0,"menu_order":0,"comment_status":"closed","ping_status":"closed","template":"","meta":{"footnotes":""},"class_list":["post-91","page","type-page","status-publish","hentry"],"_links":{"self":[{"href":"https:\/\/wordpress.reseau-greta-cfa-pdl.fr\/index.php?rest_route=\/wp\/v2\/pages\/91","targetHints":{"allow":["GET"]}}],"collection":[{"href":"https:\/\/wordpress.reseau-greta-cfa-pdl.fr\/index.php?rest_route=\/wp\/v2\/pages"}],"about":[{"href":"https:\/\/wordpress.reseau-greta-cfa-pdl.fr\/index.php?rest_route=\/wp\/v2\/types\/page"}],"author":[{"embeddable":true,"href":"https:\/\/wordpress.reseau-greta-cfa-pdl.fr\/index.php?rest_route=\/wp\/v2\/users\/3"}],"replies":[{"embeddable":true,"href":"https:\/\/wordpress.reseau-greta-cfa-pdl.fr\/index.php?rest_route=%2Fwp%2Fv2%2Fcomments&post=91"}],"version-history":[{"count":53,"href":"https:\/\/wordpress.reseau-greta-cfa-pdl.fr\/index.php?rest_route=\/wp\/v2\/pages\/91\/revisions"}],"predecessor-version":[{"id":7190,"href":"https:\/\/wordpress.reseau-greta-cfa-pdl.fr\/index.php?rest_route=\/wp\/v2\/pages\/91\/revisions\/7190"}],"wp:attachment":[{"href":"https:\/\/wordpress.reseau-greta-cfa-pdl.fr\/index.php?rest_route=%2Fwp%2Fv2%2Fmedia&parent=91"}],"curies":[{"name":"wp","href":"https:\/\/api.w.org\/{rel}","templated":true}]}}