{"id":93,"date":"2022-05-05T11:31:21","date_gmt":"2022-05-05T09:31:21","guid":{"rendered":"https:\/\/wordpress.reseau-greta-cfa-pdl.fr\/?page_id=93"},"modified":"2026-02-23T14:31:38","modified_gmt":"2026-02-23T13:31:38","slug":"bts-niveau-5","status":"publish","type":"page","link":"https:\/\/wordpress.reseau-greta-cfa-pdl.fr\/?page_id=93","title":{"rendered":"BTS &#8211; niveau 5"},"content":{"rendered":"\t\t<div data-elementor-type=\"wp-page\" data-elementor-id=\"93\" class=\"elementor elementor-93\">\n\t\t\t\t\t\t<section class=\"elementor-section elementor-top-section elementor-element elementor-element-6034cfdf elementor-section-stretched elementor-section-boxed elementor-section-height-default elementor-section-height-default wpr-particle-no wpr-jarallax-no wpr-parallax-no wpr-sticky-section-no\" data-id=\"6034cfdf\" data-element_type=\"section\" data-e-type=\"section\" data-settings=\"{&quot;stretch_section&quot;:&quot;section-stretched&quot;,&quot;background_background&quot;:&quot;classic&quot;}\">\n\t\t\t\t\t\t<div class=\"elementor-container elementor-column-gap-default\">\n\t\t\t\t\t<div class=\"elementor-column elementor-col-100 elementor-top-column elementor-element elementor-element-18538f59\" data-id=\"18538f59\" data-element_type=\"column\" data-e-type=\"column\">\n\t\t\t<div class=\"elementor-widget-wrap elementor-element-populated\">\n\t\t\t\t\t\t<div class=\"elementor-element elementor-element-684f70d0 elementor-drop-cap-yes elementor-drop-cap-view-default elementor-widget elementor-widget-text-editor\" data-id=\"684f70d0\" data-element_type=\"widget\" data-e-type=\"widget\" data-settings=\"{&quot;drop_cap&quot;:&quot;yes&quot;}\" data-widget_type=\"text-editor.default\">\n\t\t\t\t<div class=\"elementor-widget-container\">\n\t\t\t\t\t\t\t\t\t<p>Pour les candidats de la formation initiale et de l\u2019apprentissage, les candidats doivent \u00eatre titulaires d\u2019un dipl\u00f4me de niveau 4 <i>(d\u00e9cret n\u00b02019-215 du 21 mars 2019)<\/i>.<\/p><p>\u00a0<\/p><p>L\u2019acc\u00e8s \u00e0 un BTS pour les stagiaires de la formation continue n\u2019est soumis \u00e0 aucune condition de dur\u00e9e minimale de formation donc pas de requis de dipl\u00f4me obligatoire au seul titre de la dur\u00e9e de formation<em>\u00a0(article D643-9 du code de l&rsquo;\u00e9ducation)<\/em> .\u00a0<\/p><p>\u00a0<\/p><p>Seules les p\u00e9riodes de stages sont r\u00e9glement\u00e9es (consulter les r\u00e9f\u00e9rentiels)<\/p><p>\u00a0<\/p>\t\t\t\t\t\t\t\t<\/div>\n\t\t\t\t<\/div>\n\t\t\t\t<div class=\"elementor-element elementor-element-4c517e4 elementor-widget elementor-widget-spacer\" data-id=\"4c517e4\" data-element_type=\"widget\" data-e-type=\"widget\" data-widget_type=\"spacer.default\">\n\t\t\t\t<div class=\"elementor-widget-container\">\n\t\t\t\t\t\t\t<div class=\"elementor-spacer\">\n\t\t\t<div class=\"elementor-spacer-inner\"><\/div>\n\t\t<\/div>\n\t\t\t\t\t\t<\/div>\n\t\t\t\t<\/div>\n\t\t\t\t<div class=\"elementor-element elementor-element-45e3e150 elementor-align-right elementor-widget elementor-widget-button\" data-id=\"45e3e150\" data-element_type=\"widget\" data-e-type=\"widget\" data-widget_type=\"button.default\">\n\t\t\t\t<div class=\"elementor-widget-container\">\n\t\t\t\t\t\t\t\t\t<div class=\"elementor-button-wrapper\">\n\t\t\t\t\t<a class=\"elementor-button elementor-button-link elementor-size-sm\" href=\"https:\/\/enqdip.sup.adc.education.fr\/bts\/index.htm\" target=\"_blank\">\n\t\t\t\t\t\t<span class=\"elementor-button-content-wrapper\">\n\t\t\t\t\t\t<span class=\"elementor-button-icon\">\n\t\t\t\t<i aria-hidden=\"true\" class=\"far fa-hand-point-right\"><\/i>\t\t\t<\/span>\n\t\t\t\t\t\t\t\t\t<span class=\"elementor-button-text\">Cliquez ici pour conna\u00eetre la liste des sp\u00e9cialit\u00e9s de BTS<\/span>\n\t\t\t\t\t<\/span>\n\t\t\t\t\t<\/a>\n\t\t\t\t<\/div>\n\t\t\t\t\t\t\t\t<\/div>\n\t\t\t\t<\/div>\n\t\t\t\t<div class=\"elementor-element elementor-element-332c427 elementor-widget elementor-widget-spacer\" data-id=\"332c427\" data-element_type=\"widget\" data-e-type=\"widget\" data-widget_type=\"spacer.default\">\n\t\t\t\t<div class=\"elementor-widget-container\">\n\t\t\t\t\t\t\t<div class=\"elementor-spacer\">\n\t\t\t<div class=\"elementor-spacer-inner\"><\/div>\n\t\t<\/div>\n\t\t\t\t\t\t<\/div>\n\t\t\t\t<\/div>\n\t\t\t\t<div class=\"elementor-element elementor-element-5696f69 elementor-drop-cap-yes elementor-drop-cap-view-default elementor-widget elementor-widget-text-editor\" data-id=\"5696f69\" data-element_type=\"widget\" data-e-type=\"widget\" data-settings=\"{&quot;drop_cap&quot;:&quot;yes&quot;}\" data-widget_type=\"text-editor.default\">\n\t\t\t\t<div class=\"elementor-widget-container\">\n\t\t\t\t\t\t\t\t\t<p><strong><span style=\"font-family: Marianne;\">Le livret de formation<\/span><\/strong><\/p>\t\t\t\t\t\t\t\t<\/div>\n\t\t\t\t<\/div>\n\t\t\t\t<div class=\"elementor-element elementor-element-054e50a elementor-widget elementor-widget-spacer\" data-id=\"054e50a\" data-element_type=\"widget\" data-e-type=\"widget\" data-widget_type=\"spacer.default\">\n\t\t\t\t<div class=\"elementor-widget-container\">\n\t\t\t\t\t\t\t<div class=\"elementor-spacer\">\n\t\t\t<div class=\"elementor-spacer-inner\"><\/div>\n\t\t<\/div>\n\t\t\t\t\t\t<\/div>\n\t\t\t\t<\/div>\n\t\t\t\t<div class=\"elementor-element elementor-element-f67962c elementor-widget elementor-widget-text-editor\" data-id=\"f67962c\" data-element_type=\"widget\" data-e-type=\"widget\" data-widget_type=\"text-editor.default\">\n\t\t\t\t<div class=\"elementor-widget-container\">\n\t\t\t\t\t\t\t\t\t<p>Les r\u00e9sultats d\u00e9finitifs des \u00e9valuations r\u00e9sultent de la d\u00e9lib\u00e9ration souveraine du jury.<\/p><p>Aucun candidat ayant fourni un livret scolaire ou de formation ne peut \u00eatre ajourn\u00e9 sans que le jury ait examin\u00e9 celui-ci. La mention de cet examen est port\u00e9e au livret scolaire ou de formation sous la signature du pr\u00e9sident du jury.<\/p><p>Source : Article D643-26\u00a0 (d\u00e9cret n\u00b02013-756 du 19 ao\u00fbt 2013 &#8211; art.)<\/p><p>\u00a0<\/p><p>Le mod\u00e8le de livret de formation \u00e0 utiliser (fichier excel) est \u00e0 adapter.<\/p>\t\t\t\t\t\t\t\t<\/div>\n\t\t\t\t<\/div>\n\t\t\t\t<div class=\"elementor-element elementor-element-cba982a elementor-align-right elementor-widget elementor-widget-button\" data-id=\"cba982a\" data-element_type=\"widget\" data-e-type=\"widget\" data-widget_type=\"button.default\">\n\t\t\t\t<div class=\"elementor-widget-container\">\n\t\t\t\t\t\t\t\t\t<div class=\"elementor-button-wrapper\">\n\t\t\t\t\t<a class=\"elementor-button elementor-button-link elementor-size-sm\" href=\"https:\/\/wordpress.reseau-greta-cfa-pdl.fr\/wp-content\/uploads\/2025\/10\/Certif-EN_BTS_Livret-a-adapter.xlsx\" target=\"_blank\">\n\t\t\t\t\t\t<span class=\"elementor-button-content-wrapper\">\n\t\t\t\t\t\t<span class=\"elementor-button-icon\">\n\t\t\t\t<i aria-hidden=\"true\" class=\"far fa-hand-point-right\"><\/i>\t\t\t<\/span>\n\t\t\t\t\t\t\t\t\t<span class=\"elementor-button-text\">Cliquez ici pour ouvrir le mod\u00e8le de livret de formation<\/span>\n\t\t\t\t\t<\/span>\n\t\t\t\t\t<\/a>\n\t\t\t\t<\/div>\n\t\t\t\t\t\t\t\t<\/div>\n\t\t\t\t<\/div>\n\t\t\t\t\t<\/div>\n\t\t<\/div>\n\t\t\t\t\t<\/div>\n\t\t<\/section>\n\t\t\t\t<\/div>\n\t\t","protected":false},"excerpt":{"rendered":"<p>Pour les candidats de la formation initiale et de l\u2019apprentissage, les candidats doivent \u00eatre titulaires d\u2019un dipl\u00f4me de niveau 4 (d\u00e9cret n\u00b02019-215 du 21 mars 2019). \u00a0 L\u2019acc\u00e8s \u00e0 un BTS pour les stagiaires de la formation continue n\u2019est soumis \u00e0 aucune condition de dur\u00e9e minimale de formation donc pas de requis de dipl\u00f4me obligatoire au seul titre de la dur\u00e9e de formation\u00a0(article D643-9 du code de l&rsquo;\u00e9ducation) .\u00a0 \u00a0 Seules les p\u00e9riodes de stages sont r\u00e9glement\u00e9es (consulter les r\u00e9f\u00e9rentiels) \u00a0 Cliquez ici pour conna\u00eetre la liste des sp\u00e9cialit\u00e9s de BTS Le livret de formation Les r\u00e9sultats d\u00e9finitifs des \u00e9valuations r\u00e9sultent de la d\u00e9lib\u00e9ration souveraine du jury. Aucun candidat ayant fourni un livret scolaire ou de formation ne peut \u00eatre ajourn\u00e9 sans que le jury ait examin\u00e9 celui-ci. La mention de cet examen est port\u00e9e au livret scolaire ou de formation sous la signature du pr\u00e9sident du jury. Source : Article D643-26\u00a0 (d\u00e9cret n\u00b02013-756 du 19 ao\u00fbt 2013 &#8211; art.) \u00a0 Le mod\u00e8le de livret de formation \u00e0 utiliser (fichier excel) est \u00e0 adapter. Cliquez ici pour ouvrir le mod\u00e8le de livret de formation<\/p>\n","protected":false},"author":3,"featured_media":0,"parent":0,"menu_order":0,"comment_status":"closed","ping_status":"closed","template":"","meta":{"footnotes":""},"class_list":["post-93","page","type-page","status-publish","hentry"],"_links":{"self":[{"href":"https:\/\/wordpress.reseau-greta-cfa-pdl.fr\/index.php?rest_route=\/wp\/v2\/pages\/93","targetHints":{"allow":["GET"]}}],"collection":[{"href":"https:\/\/wordpress.reseau-greta-cfa-pdl.fr\/index.php?rest_route=\/wp\/v2\/pages"}],"about":[{"href":"https:\/\/wordpress.reseau-greta-cfa-pdl.fr\/index.php?rest_route=\/wp\/v2\/types\/page"}],"author":[{"embeddable":true,"href":"https:\/\/wordpress.reseau-greta-cfa-pdl.fr\/index.php?rest_route=\/wp\/v2\/users\/3"}],"replies":[{"embeddable":true,"href":"https:\/\/wordpress.reseau-greta-cfa-pdl.fr\/index.php?rest_route=%2Fwp%2Fv2%2Fcomments&post=93"}],"version-history":[{"count":70,"href":"https:\/\/wordpress.reseau-greta-cfa-pdl.fr\/index.php?rest_route=\/wp\/v2\/pages\/93\/revisions"}],"predecessor-version":[{"id":8907,"href":"https:\/\/wordpress.reseau-greta-cfa-pdl.fr\/index.php?rest_route=\/wp\/v2\/pages\/93\/revisions\/8907"}],"wp:attachment":[{"href":"https:\/\/wordpress.reseau-greta-cfa-pdl.fr\/index.php?rest_route=%2Fwp%2Fv2%2Fmedia&parent=93"}],"curies":[{"name":"wp","href":"https:\/\/api.w.org\/{rel}","templated":true}]}}